{"id":39143,"date":"2025-01-12T23:46:37","date_gmt":"2025-01-13T05:46:37","guid":{"rendered":"https:\/\/amgpromocionales.com.mx\/?post_type=product&#038;p=39143"},"modified":"2025-01-21T00:02:38","modified_gmt":"2025-01-21T06:02:38","slug":"bolsa-a2837","status":"publish","type":"product","link":"https:\/\/amgpromocionales.mx\/en\/shop\/bolsa-a2837\/","title":{"rendered":"BOLSA A2837"},"content":{"rendered":"<p>Bolsa para bebidas con dise\u00f1o de bal\u00f3n de f\u00fatbol, con tapa de rosca y v\u00e1lvula con tap\u00f3n, incluye arn\u00e9s met\u00e1lico para colgar. CAP. 800 ml.<\/p>","protected":false},"excerpt":{"rendered":"<p>Bolsa para bebidas con dise\u00f1o de bal\u00f3n de f\u00fatbol, con tapa de rosca y v\u00e1lvula con tap\u00f3n, incluye arn\u00e9s met\u00e1lico para colgar. CAP. 800 ml.<\/p>","protected":false},"featured_media":20623,"comment_status":"closed","ping_status":"closed","template":"","meta":[],"genre":[],"product_cat":[375,396],"product_tag":[],"class_list":{"0":"post-39143","1":"product","2":"type-product","3":"status-publish","4":"has-post-thumbnail","6":"product_cat-cajas-bolsas-y-estuches","7":"product_cat-ver-todo-oficina","9":"first","10":"instock","11":"shipping-taxable","12":"purchasable","13":"product-type-simple"},"_links":{"self":[{"href":"https:\/\/amgpromocionales.mx\/en\/wp-json\/wp\/v2\/product\/39143","targetHints":{"allow":["GET"]}}],"collection":[{"href":"https:\/\/amgpromocionales.mx\/en\/wp-json\/wp\/v2\/product"}],"about":[{"href":"https:\/\/amgpromocionales.mx\/en\/wp-json\/wp\/v2\/types\/product"}],"replies":[{"embeddable":true,"href":"https:\/\/amgpromocionales.mx\/en\/wp-json\/wp\/v2\/comments?post=39143"}],"wp:featuredmedia":[{"embeddable":true,"href":"https:\/\/amgpromocionales.mx\/en\/wp-json\/wp\/v2\/media\/20623"}],"wp:attachment":[{"href":"https:\/\/amgpromocionales.mx\/en\/wp-json\/wp\/v2\/media?parent=39143"}],"wp:term":[{"taxonomy":"product_brand","embeddable":true,"href":"https:\/\/amgpromocionales.mx\/en\/wp-json\/wp\/v2\/genre?post=39143"},{"taxonomy":"product_cat","embeddable":true,"href":"https:\/\/amgpromocionales.mx\/en\/wp-json\/wp\/v2\/product_cat?post=39143"},{"taxonomy":"product_tag","embeddable":true,"href":"https:\/\/amgpromocionales.mx\/en\/wp-json\/wp\/v2\/product_tag?post=39143"}],"curies":[{"name":"wp","href":"https:\/\/api.w.org\/{rel}","templated":true}]}}