{"id":39141,"date":"2025-01-12T23:46:37","date_gmt":"2025-01-13T05:46:37","guid":{"rendered":"https:\/\/amgpromocionales.com.mx\/?post_type=product&#038;p=39141"},"modified":"2025-01-20T23:57:55","modified_gmt":"2025-01-21T05:57:55","slug":"libreta-a2835","status":"publish","type":"product","link":"https:\/\/amgpromocionales.mx\/en\/shop\/libreta-a2835\/","title":{"rendered":"LIBRETA A2835"},"content":{"rendered":"<p>Libreta ecol\u00f3gica de cart\u00f3n con dise\u00f1o de bal\u00f3n de f\u00fatbol, 70 hojas rayadas (140 p\u00e1ginas), espiral met\u00e1lico color negro y cinta el\u00e1stica. Incluye bol\u00edgrafo de papel con clip de pl\u00e1stico.<\/p>","protected":false},"excerpt":{"rendered":"<p>Libreta ecol\u00f3gica de cart\u00f3n con dise\u00f1o de bal\u00f3n de f\u00fatbol, 70 hojas rayadas (140 p\u00e1ginas), espiral met\u00e1lico color negro y cinta el\u00e1stica. Incluye bol\u00edgrafo de papel con clip de pl\u00e1stico.<\/p>","protected":false},"featured_media":24710,"comment_status":"closed","ping_status":"closed","template":"","meta":[],"genre":[],"product_cat":[314,395],"product_tag":[],"class_list":{"0":"post-39141","1":"product","2":"type-product","3":"status-publish","4":"has-post-thumbnail","6":"product_cat-libretas-libretas-y-agendas","7":"product_cat-ver-todo-libretas-y-agendas","9":"first","10":"instock","11":"shipping-taxable","12":"purchasable","13":"product-type-simple"},"_links":{"self":[{"href":"https:\/\/amgpromocionales.mx\/en\/wp-json\/wp\/v2\/product\/39141","targetHints":{"allow":["GET"]}}],"collection":[{"href":"https:\/\/amgpromocionales.mx\/en\/wp-json\/wp\/v2\/product"}],"about":[{"href":"https:\/\/amgpromocionales.mx\/en\/wp-json\/wp\/v2\/types\/product"}],"replies":[{"embeddable":true,"href":"https:\/\/amgpromocionales.mx\/en\/wp-json\/wp\/v2\/comments?post=39141"}],"wp:featuredmedia":[{"embeddable":true,"href":"https:\/\/amgpromocionales.mx\/en\/wp-json\/wp\/v2\/media\/24710"}],"wp:attachment":[{"href":"https:\/\/amgpromocionales.mx\/en\/wp-json\/wp\/v2\/media?parent=39141"}],"wp:term":[{"taxonomy":"product_brand","embeddable":true,"href":"https:\/\/amgpromocionales.mx\/en\/wp-json\/wp\/v2\/genre?post=39141"},{"taxonomy":"product_cat","embeddable":true,"href":"https:\/\/amgpromocionales.mx\/en\/wp-json\/wp\/v2\/product_cat?post=39141"},{"taxonomy":"product_tag","embeddable":true,"href":"https:\/\/amgpromocionales.mx\/en\/wp-json\/wp\/v2\/product_tag?post=39141"}],"curies":[{"name":"wp","href":"https:\/\/api.w.org\/{rel}","templated":true}]}}