{"id":39139,"date":"2025-01-12T23:46:36","date_gmt":"2025-01-13T05:46:36","guid":{"rendered":"https:\/\/amgpromocionales.com.mx\/?post_type=product&#038;p=39139"},"modified":"2025-01-21T00:20:06","modified_gmt":"2025-01-21T06:20:06","slug":"audifonos-a2828","status":"publish","type":"product","link":"https:\/\/amgpromocionales.mx\/en\/shop\/audifonos-a2828\/","title":{"rendered":"AUD\u00cdFONOS A2828"},"content":{"rendered":"<p>Aud\u00edfonos est\u00e9reo Bluetooth de cancelaci\u00f3n de ruido plegables, con diadema ajustable y acolchada, almohadillas que giran a 90\u00b0 y funci\u00f3n de manos libres. Cuentan con entrada de carga tipo C (cable inclu\u00eddo), AUX. (cable inclu\u00eddo), bot\u00f3n de encendido\/apagado y botones de control de sonido. Distancia del Bluetooth de 10 m. Compatibles con dispositivos iOS e Android. Presentaci\u00f3n: caja de regalo a color.<\/p>","protected":false},"excerpt":{"rendered":"<p>Aud\u00edfonos est\u00e9reo Bluetooth de cancelaci\u00f3n de ruido plegables, con diadema ajustable y acolchada, almohadillas que giran a 90\u00b0 y funci\u00f3n de manos libres. Cuentan con entrada de carga tipo C (cable inclu\u00eddo), AUX. (cable inclu\u00eddo), bot\u00f3n de encendido\/apagado y botones de control de sonido. Distancia del Bluetooth de 10 m. Compatibles con dispositivos iOS e [&hellip;]<\/p>","protected":false},"featured_media":26659,"comment_status":"closed","ping_status":"closed","template":"","meta":[],"genre":[],"product_cat":[320,398],"product_tag":[],"class_list":{"0":"post-39139","1":"product","2":"type-product","3":"status-publish","4":"has-post-thumbnail","6":"product_cat-audifonos","7":"product_cat-ver-todo-tecnologia","9":"first","10":"instock","11":"shipping-taxable","12":"purchasable","13":"product-type-simple"},"_links":{"self":[{"href":"https:\/\/amgpromocionales.mx\/en\/wp-json\/wp\/v2\/product\/39139","targetHints":{"allow":["GET"]}}],"collection":[{"href":"https:\/\/amgpromocionales.mx\/en\/wp-json\/wp\/v2\/product"}],"about":[{"href":"https:\/\/amgpromocionales.mx\/en\/wp-json\/wp\/v2\/types\/product"}],"replies":[{"embeddable":true,"href":"https:\/\/amgpromocionales.mx\/en\/wp-json\/wp\/v2\/comments?post=39139"}],"wp:featuredmedia":[{"embeddable":true,"href":"https:\/\/amgpromocionales.mx\/en\/wp-json\/wp\/v2\/media\/26659"}],"wp:attachment":[{"href":"https:\/\/amgpromocionales.mx\/en\/wp-json\/wp\/v2\/media?parent=39139"}],"wp:term":[{"taxonomy":"product_brand","embeddable":true,"href":"https:\/\/amgpromocionales.mx\/en\/wp-json\/wp\/v2\/genre?post=39139"},{"taxonomy":"product_cat","embeddable":true,"href":"https:\/\/amgpromocionales.mx\/en\/wp-json\/wp\/v2\/product_cat?post=39139"},{"taxonomy":"product_tag","embeddable":true,"href":"https:\/\/amgpromocionales.mx\/en\/wp-json\/wp\/v2\/product_tag?post=39139"}],"curies":[{"name":"wp","href":"https:\/\/api.w.org\/{rel}","templated":true}]}}