{"id":39138,"date":"2025-01-12T23:46:36","date_gmt":"2025-01-13T05:46:36","guid":{"rendered":"https:\/\/amgpromocionales.com.mx\/?post_type=product&#038;p=39138"},"modified":"2025-01-21T00:20:06","modified_gmt":"2025-01-21T06:20:06","slug":"audifonos-a2827","status":"publish","type":"product","link":"https:\/\/amgpromocionales.mx\/en\/shop\/audifonos-a2827\/","title":{"rendered":"AUD\u00cdFONOS A2827"},"content":{"rendered":"<p>Aud\u00edfonos est\u00e9reo Bluetooth plegables de diadema ajustable. Cuenta con almohadillas, funci\u00f3n de manos libres, entrada para tarjeta micro SD, bot\u00f3n en encendido\/apagado, botones de control de sonido. Cuentan con entrada de carga micro USB (cable incluido), AUX. (cable incluido). Distancia del Bluetooth de 10 m. Compatible con dispositivos iOS y Android. Presentaci\u00f3n: caja de regalo a color.<\/p>","protected":false},"excerpt":{"rendered":"<p>Aud\u00edfonos est\u00e9reo Bluetooth plegables de diadema ajustable. Cuenta con almohadillas, funci\u00f3n de manos libres, entrada para tarjeta micro SD, bot\u00f3n en encendido\/apagado, botones de control de sonido. Cuentan con entrada de carga micro USB (cable incluido), AUX. (cable incluido). Distancia del Bluetooth de 10 m. Compatible con dispositivos iOS y Android. Presentaci\u00f3n: caja de regalo [&hellip;]<\/p>","protected":false},"featured_media":26645,"comment_status":"closed","ping_status":"closed","template":"","meta":[],"genre":[],"product_cat":[320,398],"product_tag":[],"class_list":{"0":"post-39138","1":"product","2":"type-product","3":"status-publish","4":"has-post-thumbnail","6":"product_cat-audifonos","7":"product_cat-ver-todo-tecnologia","9":"first","10":"instock","11":"shipping-taxable","12":"purchasable","13":"product-type-simple"},"_links":{"self":[{"href":"https:\/\/amgpromocionales.mx\/en\/wp-json\/wp\/v2\/product\/39138","targetHints":{"allow":["GET"]}}],"collection":[{"href":"https:\/\/amgpromocionales.mx\/en\/wp-json\/wp\/v2\/product"}],"about":[{"href":"https:\/\/amgpromocionales.mx\/en\/wp-json\/wp\/v2\/types\/product"}],"replies":[{"embeddable":true,"href":"https:\/\/amgpromocionales.mx\/en\/wp-json\/wp\/v2\/comments?post=39138"}],"wp:featuredmedia":[{"embeddable":true,"href":"https:\/\/amgpromocionales.mx\/en\/wp-json\/wp\/v2\/media\/26645"}],"wp:attachment":[{"href":"https:\/\/amgpromocionales.mx\/en\/wp-json\/wp\/v2\/media?parent=39138"}],"wp:term":[{"taxonomy":"product_brand","embeddable":true,"href":"https:\/\/amgpromocionales.mx\/en\/wp-json\/wp\/v2\/genre?post=39138"},{"taxonomy":"product_cat","embeddable":true,"href":"https:\/\/amgpromocionales.mx\/en\/wp-json\/wp\/v2\/product_cat?post=39138"},{"taxonomy":"product_tag","embeddable":true,"href":"https:\/\/amgpromocionales.mx\/en\/wp-json\/wp\/v2\/product_tag?post=39138"}],"curies":[{"name":"wp","href":"https:\/\/api.w.org\/{rel}","templated":true}]}}