{"id":39135,"date":"2025-01-12T23:46:35","date_gmt":"2025-01-13T05:46:35","guid":{"rendered":"https:\/\/amgpromocionales.com.mx\/?post_type=product&#038;p=39135"},"modified":"2025-01-21T00:20:06","modified_gmt":"2025-01-21T06:20:06","slug":"audifonos-a2826","status":"publish","type":"product","link":"https:\/\/amgpromocionales.mx\/en\/shop\/audifonos-a2826\/","title":{"rendered":"AUD\u00cdFONOS A2826"},"content":{"rendered":"<p>Aud\u00edfonos deportivos inal\u00e1mbricos Bluetooth, con sensor touch para su funcionamiento. Funci\u00f3n manos libres, tiempo de reproducci\u00f3n 4-5 horas, tiempo de carga 2 horas, distancia del Bluetooth 10 metros. Cap. de bater\u00eda 80 mAh. Incluye cable de carga entrada tipo C. Compatible con dispositivos Android e iOS. Presentaci\u00f3n: Caja de regalo a color.<\/p>","protected":false},"excerpt":{"rendered":"<p>Aud\u00edfonos deportivos inal\u00e1mbricos Bluetooth, con sensor touch para su funcionamiento. Funci\u00f3n manos libres, tiempo de reproducci\u00f3n 4-5 horas, tiempo de carga 2 horas, distancia del Bluetooth 10 metros. Cap. de bater\u00eda 80 mAh. Incluye cable de carga entrada tipo C. Compatible con dispositivos Android e iOS. Presentaci\u00f3n: Caja de regalo a color.<\/p>","protected":false},"featured_media":26636,"comment_status":"closed","ping_status":"closed","template":"","meta":[],"genre":[],"product_cat":[320,398],"product_tag":[],"class_list":{"0":"post-39135","1":"product","2":"type-product","3":"status-publish","4":"has-post-thumbnail","6":"product_cat-audifonos","7":"product_cat-ver-todo-tecnologia","9":"first","10":"instock","11":"shipping-taxable","12":"purchasable","13":"product-type-variable"},"_links":{"self":[{"href":"https:\/\/amgpromocionales.mx\/en\/wp-json\/wp\/v2\/product\/39135","targetHints":{"allow":["GET"]}}],"collection":[{"href":"https:\/\/amgpromocionales.mx\/en\/wp-json\/wp\/v2\/product"}],"about":[{"href":"https:\/\/amgpromocionales.mx\/en\/wp-json\/wp\/v2\/types\/product"}],"replies":[{"embeddable":true,"href":"https:\/\/amgpromocionales.mx\/en\/wp-json\/wp\/v2\/comments?post=39135"}],"wp:featuredmedia":[{"embeddable":true,"href":"https:\/\/amgpromocionales.mx\/en\/wp-json\/wp\/v2\/media\/26636"}],"wp:attachment":[{"href":"https:\/\/amgpromocionales.mx\/en\/wp-json\/wp\/v2\/media?parent=39135"}],"wp:term":[{"taxonomy":"product_brand","embeddable":true,"href":"https:\/\/amgpromocionales.mx\/en\/wp-json\/wp\/v2\/genre?post=39135"},{"taxonomy":"product_cat","embeddable":true,"href":"https:\/\/amgpromocionales.mx\/en\/wp-json\/wp\/v2\/product_cat?post=39135"},{"taxonomy":"product_tag","embeddable":true,"href":"https:\/\/amgpromocionales.mx\/en\/wp-json\/wp\/v2\/product_tag?post=39135"}],"curies":[{"name":"wp","href":"https:\/\/api.w.org\/{rel}","templated":true}]}}