{"id":39134,"date":"2025-01-12T23:46:34","date_gmt":"2025-01-13T05:46:34","guid":{"rendered":"https:\/\/amgpromocionales.com.mx\/?post_type=product&#038;p=39134"},"modified":"2025-01-21T00:20:06","modified_gmt":"2025-01-21T06:20:06","slug":"audifonos-a2825","status":"publish","type":"product","link":"https:\/\/amgpromocionales.mx\/en\/shop\/audifonos-a2825\/","title":{"rendered":"AUD\u00cdFONOS A2825"},"content":{"rendered":"<p>Aud\u00edfonos inal\u00e1mbricos Bluetooth con estuche recargable de 200 mAh, cuentan con botones integrados para la reproducci\u00f3n de la m\u00fasica y funci\u00f3n de manos libres, Duraci\u00f3n aprox. de reproducci\u00f3n de 4 hrs. Tiempo de carga 2 hrs. Distancia de Bluetooth de 10 m. Cuenta con pantalla LED que indica el porcentaje de carga. Incluye cable de carga tipo C. Compatible con dispositivos Android e iOS. Presentaci\u00f3n: Caja de regalo a color.<\/p>","protected":false},"excerpt":{"rendered":"<p>Aud\u00edfonos inal\u00e1mbricos Bluetooth con estuche recargable de 200 mAh, cuentan con botones integrados para la reproducci\u00f3n de la m\u00fasica y funci\u00f3n de manos libres, Duraci\u00f3n aprox. de reproducci\u00f3n de 4 hrs. Tiempo de carga 2 hrs. Distancia de Bluetooth de 10 m. Cuenta con pantalla LED que indica el porcentaje de carga. Incluye cable de [&hellip;]<\/p>","protected":false},"featured_media":26632,"comment_status":"closed","ping_status":"closed","template":"","meta":[],"genre":[],"product_cat":[320,398],"product_tag":[],"class_list":{"0":"post-39134","1":"product","2":"type-product","3":"status-publish","4":"has-post-thumbnail","6":"product_cat-audifonos","7":"product_cat-ver-todo-tecnologia","9":"first","10":"instock","11":"shipping-taxable","12":"purchasable","13":"product-type-simple"},"_links":{"self":[{"href":"https:\/\/amgpromocionales.mx\/en\/wp-json\/wp\/v2\/product\/39134","targetHints":{"allow":["GET"]}}],"collection":[{"href":"https:\/\/amgpromocionales.mx\/en\/wp-json\/wp\/v2\/product"}],"about":[{"href":"https:\/\/amgpromocionales.mx\/en\/wp-json\/wp\/v2\/types\/product"}],"replies":[{"embeddable":true,"href":"https:\/\/amgpromocionales.mx\/en\/wp-json\/wp\/v2\/comments?post=39134"}],"wp:featuredmedia":[{"embeddable":true,"href":"https:\/\/amgpromocionales.mx\/en\/wp-json\/wp\/v2\/media\/26632"}],"wp:attachment":[{"href":"https:\/\/amgpromocionales.mx\/en\/wp-json\/wp\/v2\/media?parent=39134"}],"wp:term":[{"taxonomy":"product_brand","embeddable":true,"href":"https:\/\/amgpromocionales.mx\/en\/wp-json\/wp\/v2\/genre?post=39134"},{"taxonomy":"product_cat","embeddable":true,"href":"https:\/\/amgpromocionales.mx\/en\/wp-json\/wp\/v2\/product_cat?post=39134"},{"taxonomy":"product_tag","embeddable":true,"href":"https:\/\/amgpromocionales.mx\/en\/wp-json\/wp\/v2\/product_tag?post=39134"}],"curies":[{"name":"wp","href":"https:\/\/api.w.org\/{rel}","templated":true}]}}