{"id":39115,"date":"2025-01-12T23:46:29","date_gmt":"2025-01-13T05:46:29","guid":{"rendered":"https:\/\/amgpromocionales.com.mx\/?post_type=product&#038;p=39115"},"modified":"2025-01-21T00:54:46","modified_gmt":"2025-01-21T06:54:46","slug":"recipiente-a2796","status":"publish","type":"product","link":"https:\/\/amgpromocionales.mx\/en\/shop\/recipiente-a2796\/","title":{"rendered":"RECIPIENTE A2796"},"content":{"rendered":"<p>Recipiente para mascotas con 2 compartimentos: 1 para alimentos secos, y otro para agua, cuenta con tapa de 4 broches y 2 boquillas para servir, rejilla de pl\u00e1stico para evitar mezclar los alimentos. Incluye plato de silicona plegable con arn\u00e9s para colgar al recipiente. Cap. 350 ml. (l\u00edquido) \/ 12 oz (alimento).<\/p>","protected":false},"excerpt":{"rendered":"<p>Recipiente para mascotas con 2 compartimentos: 1 para alimentos secos, y otro para agua, cuenta con tapa de 4 broches y 2 boquillas para servir, rejilla de pl\u00e1stico para evitar mezclar los alimentos. Incluye plato de silicona plegable con arn\u00e9s para colgar al recipiente. Cap. 350 ml. (l\u00edquido) \/ 12 oz (alimento).<\/p>","protected":false},"featured_media":22583,"comment_status":"closed","ping_status":"closed","template":"","meta":[],"genre":[],"product_cat":[307,400],"product_tag":[],"class_list":{"0":"post-39115","1":"product","2":"type-product","3":"status-publish","4":"has-post-thumbnail","6":"product_cat-mascotas","7":"product_cat-ver-todo-tiempo-libre","9":"first","10":"instock","11":"shipping-taxable","12":"purchasable","13":"product-type-simple"},"_links":{"self":[{"href":"https:\/\/amgpromocionales.mx\/en\/wp-json\/wp\/v2\/product\/39115","targetHints":{"allow":["GET"]}}],"collection":[{"href":"https:\/\/amgpromocionales.mx\/en\/wp-json\/wp\/v2\/product"}],"about":[{"href":"https:\/\/amgpromocionales.mx\/en\/wp-json\/wp\/v2\/types\/product"}],"replies":[{"embeddable":true,"href":"https:\/\/amgpromocionales.mx\/en\/wp-json\/wp\/v2\/comments?post=39115"}],"wp:featuredmedia":[{"embeddable":true,"href":"https:\/\/amgpromocionales.mx\/en\/wp-json\/wp\/v2\/media\/22583"}],"wp:attachment":[{"href":"https:\/\/amgpromocionales.mx\/en\/wp-json\/wp\/v2\/media?parent=39115"}],"wp:term":[{"taxonomy":"product_brand","embeddable":true,"href":"https:\/\/amgpromocionales.mx\/en\/wp-json\/wp\/v2\/genre?post=39115"},{"taxonomy":"product_cat","embeddable":true,"href":"https:\/\/amgpromocionales.mx\/en\/wp-json\/wp\/v2\/product_cat?post=39115"},{"taxonomy":"product_tag","embeddable":true,"href":"https:\/\/amgpromocionales.mx\/en\/wp-json\/wp\/v2\/product_tag?post=39115"}],"curies":[{"name":"wp","href":"https:\/\/api.w.org\/{rel}","templated":true}]}}