{"id":39022,"date":"2025-01-12T23:45:07","date_gmt":"2025-01-13T05:45:07","guid":{"rendered":"https:\/\/amgpromocionales.com.mx\/?post_type=product&#038;p=39022"},"modified":"2025-01-19T17:59:03","modified_gmt":"2025-01-19T23:59:03","slug":"ventilador-a2763","status":"publish","type":"product","link":"https:\/\/amgpromocionales.mx\/en\/shop\/ventilador-a2763\/","title":{"rendered":"VENTILADOR A2763"},"content":{"rendered":"<p>Ventilador plegable ideal para interior o exterior. Cuenta con bot\u00f3n de encendido, presiona el bot\u00f3n y cambia la velocidad del aire en 3 diferentes intensidades. Cuerpo plegable que permite el movimiento del ventilador para ajustar la direcci\u00f3n del aire. Recarga mediante conexi\u00f3n USB, es plegable y ligero para que puedas llevarlo o guardarlo f\u00e1cilmente. Incluye cable de carga. Presentaci\u00f3n: caja de regalo a color.<\/p>","protected":false},"excerpt":{"rendered":"<p>Ventilador plegable ideal para interior o exterior. Cuenta con bot\u00f3n de encendido, presiona el bot\u00f3n y cambia la velocidad del aire en 3 diferentes intensidades. Cuerpo plegable que permite el movimiento del ventilador para ajustar la direcci\u00f3n del aire. Recarga mediante conexi\u00f3n USB, es plegable y ligero para que puedas llevarlo o guardarlo f\u00e1cilmente. Incluye [&hellip;]<\/p>","protected":false},"featured_media":26535,"comment_status":"closed","ping_status":"closed","template":"","meta":[],"genre":[],"product_cat":[369],"product_tag":[],"class_list":{"0":"post-39022","1":"product","2":"type-product","3":"status-publish","4":"has-post-thumbnail","6":"product_cat-infantiles","8":"first","9":"instock","10":"shipping-taxable","11":"purchasable","12":"product-type-simple"},"_links":{"self":[{"href":"https:\/\/amgpromocionales.mx\/en\/wp-json\/wp\/v2\/product\/39022","targetHints":{"allow":["GET"]}}],"collection":[{"href":"https:\/\/amgpromocionales.mx\/en\/wp-json\/wp\/v2\/product"}],"about":[{"href":"https:\/\/amgpromocionales.mx\/en\/wp-json\/wp\/v2\/types\/product"}],"replies":[{"embeddable":true,"href":"https:\/\/amgpromocionales.mx\/en\/wp-json\/wp\/v2\/comments?post=39022"}],"wp:featuredmedia":[{"embeddable":true,"href":"https:\/\/amgpromocionales.mx\/en\/wp-json\/wp\/v2\/media\/26535"}],"wp:attachment":[{"href":"https:\/\/amgpromocionales.mx\/en\/wp-json\/wp\/v2\/media?parent=39022"}],"wp:term":[{"taxonomy":"product_brand","embeddable":true,"href":"https:\/\/amgpromocionales.mx\/en\/wp-json\/wp\/v2\/genre?post=39022"},{"taxonomy":"product_cat","embeddable":true,"href":"https:\/\/amgpromocionales.mx\/en\/wp-json\/wp\/v2\/product_cat?post=39022"},{"taxonomy":"product_tag","embeddable":true,"href":"https:\/\/amgpromocionales.mx\/en\/wp-json\/wp\/v2\/product_tag?post=39022"}],"curies":[{"name":"wp","href":"https:\/\/api.w.org\/{rel}","templated":true}]}}