{"id":38953,"date":"2025-01-12T23:43:39","date_gmt":"2025-01-13T05:43:39","guid":{"rendered":"https:\/\/amgpromocionales.com.mx\/?post_type=product&#038;p=38953"},"modified":"2025-01-20T22:55:25","modified_gmt":"2025-01-21T04:55:25","slug":"taza-a2747","status":"publish","type":"product","link":"https:\/\/amgpromocionales.mx\/en\/shop\/taza-a2747\/","title":{"rendered":"TAZA A2747"},"content":{"rendered":"<p>Taza medidora multifunci\u00f3n, plegable la cual permite ahorrar espacio al guardarla o transportarla f\u00e1cilmente. Cuenta con un clip en el mango que nos permite un cierre f\u00e1cil de las bolsas. CAP. 1 taza (8.0 Oz)<\/p>","protected":false},"excerpt":{"rendered":"<p>Taza medidora multifunci\u00f3n, plegable la cual permite ahorrar espacio al guardarla o transportarla f\u00e1cilmente. Cuenta con un clip en el mango que nos permite un cierre f\u00e1cil de las bolsas. CAP. 1 taza (8.0 Oz)<\/p>","protected":false},"featured_media":22274,"comment_status":"closed","ping_status":"closed","template":"","meta":[],"genre":[],"product_cat":[298,391],"product_tag":[],"class_list":{"0":"post-38953","1":"product","2":"type-product","3":"status-publish","4":"has-post-thumbnail","6":"product_cat-tazas-y-tarros","7":"product_cat-ver-todo-bebidas","9":"first","10":"instock","11":"shipping-taxable","12":"purchasable","13":"product-type-variable"},"_links":{"self":[{"href":"https:\/\/amgpromocionales.mx\/en\/wp-json\/wp\/v2\/product\/38953","targetHints":{"allow":["GET"]}}],"collection":[{"href":"https:\/\/amgpromocionales.mx\/en\/wp-json\/wp\/v2\/product"}],"about":[{"href":"https:\/\/amgpromocionales.mx\/en\/wp-json\/wp\/v2\/types\/product"}],"replies":[{"embeddable":true,"href":"https:\/\/amgpromocionales.mx\/en\/wp-json\/wp\/v2\/comments?post=38953"}],"wp:featuredmedia":[{"embeddable":true,"href":"https:\/\/amgpromocionales.mx\/en\/wp-json\/wp\/v2\/media\/22274"}],"wp:attachment":[{"href":"https:\/\/amgpromocionales.mx\/en\/wp-json\/wp\/v2\/media?parent=38953"}],"wp:term":[{"taxonomy":"product_brand","embeddable":true,"href":"https:\/\/amgpromocionales.mx\/en\/wp-json\/wp\/v2\/genre?post=38953"},{"taxonomy":"product_cat","embeddable":true,"href":"https:\/\/amgpromocionales.mx\/en\/wp-json\/wp\/v2\/product_cat?post=38953"},{"taxonomy":"product_tag","embeddable":true,"href":"https:\/\/amgpromocionales.mx\/en\/wp-json\/wp\/v2\/product_tag?post=38953"}],"curies":[{"name":"wp","href":"https:\/\/api.w.org\/{rel}","templated":true}]}}