{"id":38951,"date":"2025-01-12T23:43:39","date_gmt":"2025-01-13T05:43:39","guid":{"rendered":"https:\/\/amgpromocionales.com.mx\/?post_type=product&#038;p=38951"},"modified":"2025-01-21T00:16:50","modified_gmt":"2025-01-21T06:16:50","slug":"estuche-a2740","status":"publish","type":"product","link":"https:\/\/amgpromocionales.mx\/en\/shop\/estuche-a2740\/","title":{"rendered":"ESTUCHE A2740"},"content":{"rendered":"<p>Estuche port\u00e1til con l\u00e1minas de jab\u00f3n, ideal para viajes. Se puede transportar f\u00e1cilmente en la bolsa, bolsillo, mochila, etc. Las l\u00e1minas se deshacen al contacto con el agua lo que permite que cumpla correctamente la funci\u00f3n de un jab\u00f3n convencional. Contiene 25 l\u00e1minas.<\/p>","protected":false},"excerpt":{"rendered":"<p>Estuche port\u00e1til con l\u00e1minas de jab\u00f3n, ideal para viajes. Se puede transportar f\u00e1cilmente en la bolsa, bolsillo, mochila, etc. Las l\u00e1minas se deshacen al contacto con el agua lo que permite que cumpla correctamente la funci\u00f3n de un jab\u00f3n convencional. Contiene 25 l\u00e1minas.<\/p>","protected":false},"featured_media":25117,"comment_status":"closed","ping_status":"closed","template":"","meta":[],"genre":[],"product_cat":[379,397],"product_tag":[],"class_list":{"0":"post-38951","1":"product","2":"type-product","3":"status-publish","4":"has-post-thumbnail","6":"product_cat-cuidado-personal","7":"product_cat-ver-todo-salud-y-belleza","9":"first","10":"instock","11":"shipping-taxable","12":"purchasable","13":"product-type-simple"},"_links":{"self":[{"href":"https:\/\/amgpromocionales.mx\/en\/wp-json\/wp\/v2\/product\/38951","targetHints":{"allow":["GET"]}}],"collection":[{"href":"https:\/\/amgpromocionales.mx\/en\/wp-json\/wp\/v2\/product"}],"about":[{"href":"https:\/\/amgpromocionales.mx\/en\/wp-json\/wp\/v2\/types\/product"}],"replies":[{"embeddable":true,"href":"https:\/\/amgpromocionales.mx\/en\/wp-json\/wp\/v2\/comments?post=38951"}],"wp:featuredmedia":[{"embeddable":true,"href":"https:\/\/amgpromocionales.mx\/en\/wp-json\/wp\/v2\/media\/25117"}],"wp:attachment":[{"href":"https:\/\/amgpromocionales.mx\/en\/wp-json\/wp\/v2\/media?parent=38951"}],"wp:term":[{"taxonomy":"product_brand","embeddable":true,"href":"https:\/\/amgpromocionales.mx\/en\/wp-json\/wp\/v2\/genre?post=38951"},{"taxonomy":"product_cat","embeddable":true,"href":"https:\/\/amgpromocionales.mx\/en\/wp-json\/wp\/v2\/product_cat?post=38951"},{"taxonomy":"product_tag","embeddable":true,"href":"https:\/\/amgpromocionales.mx\/en\/wp-json\/wp\/v2\/product_tag?post=38951"}],"curies":[{"name":"wp","href":"https:\/\/api.w.org\/{rel}","templated":true}]}}