{"id":38829,"date":"2025-01-12T23:41:35","date_gmt":"2025-01-13T05:41:35","guid":{"rendered":"https:\/\/amgpromocionales.com.mx\/?post_type=product&#038;p=38829"},"modified":"2025-01-21T00:02:40","modified_gmt":"2025-01-21T06:02:40","slug":"estuche-a2692","status":"publish","type":"product","link":"https:\/\/amgpromocionales.mx\/en\/shop\/estuche-a2692\/","title":{"rendered":"ESTUCHE A2692"},"content":{"rendered":"<p>Estuche ecol\u00f3gico a base de fibra de  trigo. Incluye un bol\u00edgrafo y un lapicero con clip y punta met\u00e1lica. Mecanismo de click.<\/p>","protected":false},"excerpt":{"rendered":"<p>Estuche ecol\u00f3gico a base de fibra de trigo. Incluye un bol\u00edgrafo y un lapicero con clip y punta met\u00e1lica. Mecanismo de click.<\/p>","protected":false},"featured_media":21534,"comment_status":"closed","ping_status":"closed","template":"","meta":[],"genre":[],"product_cat":[375,396],"product_tag":[],"class_list":{"0":"post-38829","1":"product","2":"type-product","3":"status-publish","4":"has-post-thumbnail","6":"product_cat-cajas-bolsas-y-estuches","7":"product_cat-ver-todo-oficina","9":"first","10":"instock","11":"shipping-taxable","12":"purchasable","13":"product-type-simple"},"_links":{"self":[{"href":"https:\/\/amgpromocionales.mx\/en\/wp-json\/wp\/v2\/product\/38829","targetHints":{"allow":["GET"]}}],"collection":[{"href":"https:\/\/amgpromocionales.mx\/en\/wp-json\/wp\/v2\/product"}],"about":[{"href":"https:\/\/amgpromocionales.mx\/en\/wp-json\/wp\/v2\/types\/product"}],"replies":[{"embeddable":true,"href":"https:\/\/amgpromocionales.mx\/en\/wp-json\/wp\/v2\/comments?post=38829"}],"wp:featuredmedia":[{"embeddable":true,"href":"https:\/\/amgpromocionales.mx\/en\/wp-json\/wp\/v2\/media\/21534"}],"wp:attachment":[{"href":"https:\/\/amgpromocionales.mx\/en\/wp-json\/wp\/v2\/media?parent=38829"}],"wp:term":[{"taxonomy":"product_brand","embeddable":true,"href":"https:\/\/amgpromocionales.mx\/en\/wp-json\/wp\/v2\/genre?post=38829"},{"taxonomy":"product_cat","embeddable":true,"href":"https:\/\/amgpromocionales.mx\/en\/wp-json\/wp\/v2\/product_cat?post=38829"},{"taxonomy":"product_tag","embeddable":true,"href":"https:\/\/amgpromocionales.mx\/en\/wp-json\/wp\/v2\/product_tag?post=38829"}],"curies":[{"name":"wp","href":"https:\/\/api.w.org\/{rel}","templated":true}]}}