{"id":38818,"date":"2025-01-12T23:41:31","date_gmt":"2025-01-13T05:41:31","guid":{"rendered":"https:\/\/amgpromocionales.com.mx\/?post_type=product&#038;p=38818"},"modified":"2025-01-20T23:30:00","modified_gmt":"2025-01-21T05:30:00","slug":"set-a2687","status":"publish","type":"product","link":"https:\/\/amgpromocionales.mx\/en\/shop\/set-a2687\/","title":{"rendered":"SET A2687"},"content":{"rendered":"<p>Set de Bol\u00edgrafos metalicos con recubrimiento de goma.  Incluye bol\u00edgrafo tipo roller con tapa y bol\u00edgrafo con mecanismo retr\u00e1ctil. Detalles y clip met\u00e1licos. Presentaci\u00f3n: caja en color negro.<\/p>","protected":false},"excerpt":{"rendered":"<p>Set de Bol\u00edgrafos metalicos con recubrimiento de goma. Incluye bol\u00edgrafo tipo roller con tapa y bol\u00edgrafo con mecanismo retr\u00e1ctil. Detalles y clip met\u00e1licos. Presentaci\u00f3n: caja en color negro.<\/p>","protected":false},"featured_media":21510,"comment_status":"closed","ping_status":"closed","template":"","meta":[],"genre":[],"product_cat":[265,392],"product_tag":[],"class_list":{"0":"post-38818","1":"product","2":"type-product","3":"status-publish","4":"has-post-thumbnail","6":"product_cat-boligrafos-metalicos","7":"product_cat-ver-todo-boligrafos-y-lapices","9":"first","10":"instock","11":"shipping-taxable","12":"purchasable","13":"product-type-simple"},"_links":{"self":[{"href":"https:\/\/amgpromocionales.mx\/en\/wp-json\/wp\/v2\/product\/38818","targetHints":{"allow":["GET"]}}],"collection":[{"href":"https:\/\/amgpromocionales.mx\/en\/wp-json\/wp\/v2\/product"}],"about":[{"href":"https:\/\/amgpromocionales.mx\/en\/wp-json\/wp\/v2\/types\/product"}],"replies":[{"embeddable":true,"href":"https:\/\/amgpromocionales.mx\/en\/wp-json\/wp\/v2\/comments?post=38818"}],"wp:featuredmedia":[{"embeddable":true,"href":"https:\/\/amgpromocionales.mx\/en\/wp-json\/wp\/v2\/media\/21510"}],"wp:attachment":[{"href":"https:\/\/amgpromocionales.mx\/en\/wp-json\/wp\/v2\/media?parent=38818"}],"wp:term":[{"taxonomy":"product_brand","embeddable":true,"href":"https:\/\/amgpromocionales.mx\/en\/wp-json\/wp\/v2\/genre?post=38818"},{"taxonomy":"product_cat","embeddable":true,"href":"https:\/\/amgpromocionales.mx\/en\/wp-json\/wp\/v2\/product_cat?post=38818"},{"taxonomy":"product_tag","embeddable":true,"href":"https:\/\/amgpromocionales.mx\/en\/wp-json\/wp\/v2\/product_tag?post=38818"}],"curies":[{"name":"wp","href":"https:\/\/api.w.org\/{rel}","templated":true}]}}