{"id":38785,"date":"2025-01-12T23:40:53","date_gmt":"2025-01-13T05:40:53","guid":{"rendered":"https:\/\/amgpromocionales.com.mx\/?post_type=product&#038;p=38785"},"modified":"2025-01-20T23:07:47","modified_gmt":"2025-01-21T05:07:47","slug":"termo-a2679","status":"publish","type":"product","link":"https:\/\/amgpromocionales.mx\/en\/shop\/termo-a2679\/","title":{"rendered":"TERMO A2679"},"content":{"rendered":"<p>Termo de acero inoxidable de doble pared, con exterior plata arriba y de color mate abajo. Tapa de rosca herm\u00e9tica anti derrames con hendidura para popote. Mantiene bebidas calientes por 3 hrs. y fr\u00edas por 6 hrs. Incluye popote de pl\u00e1stico transparente. CAP. 480 ml. (16.5 OZ). Presentaci\u00f3n: caja en color blanco.<\/p>","protected":false},"excerpt":{"rendered":"<p>Termo de acero inoxidable de doble pared, con exterior plata arriba y de color mate abajo. Tapa de rosca herm\u00e9tica anti derrames con hendidura para popote. Mantiene bebidas calientes por 3 hrs. y fr\u00edas por 6 hrs. Incluye popote de pl\u00e1stico transparente. CAP. 480 ml. (16.5 OZ). Presentaci\u00f3n: caja en color blanco.<\/p>","protected":false},"featured_media":20420,"comment_status":"closed","ping_status":"closed","template":"","meta":[],"genre":[],"product_cat":[323,391],"product_tag":[],"class_list":{"0":"post-38785","1":"product","2":"type-product","3":"status-publish","4":"has-post-thumbnail","6":"product_cat-termos","7":"product_cat-ver-todo-bebidas","9":"first","10":"instock","11":"shipping-taxable","12":"purchasable","13":"product-type-variable"},"_links":{"self":[{"href":"https:\/\/amgpromocionales.mx\/en\/wp-json\/wp\/v2\/product\/38785","targetHints":{"allow":["GET"]}}],"collection":[{"href":"https:\/\/amgpromocionales.mx\/en\/wp-json\/wp\/v2\/product"}],"about":[{"href":"https:\/\/amgpromocionales.mx\/en\/wp-json\/wp\/v2\/types\/product"}],"replies":[{"embeddable":true,"href":"https:\/\/amgpromocionales.mx\/en\/wp-json\/wp\/v2\/comments?post=38785"}],"wp:featuredmedia":[{"embeddable":true,"href":"https:\/\/amgpromocionales.mx\/en\/wp-json\/wp\/v2\/media\/20420"}],"wp:attachment":[{"href":"https:\/\/amgpromocionales.mx\/en\/wp-json\/wp\/v2\/media?parent=38785"}],"wp:term":[{"taxonomy":"product_brand","embeddable":true,"href":"https:\/\/amgpromocionales.mx\/en\/wp-json\/wp\/v2\/genre?post=38785"},{"taxonomy":"product_cat","embeddable":true,"href":"https:\/\/amgpromocionales.mx\/en\/wp-json\/wp\/v2\/product_cat?post=38785"},{"taxonomy":"product_tag","embeddable":true,"href":"https:\/\/amgpromocionales.mx\/en\/wp-json\/wp\/v2\/product_tag?post=38785"}],"curies":[{"name":"wp","href":"https:\/\/api.w.org\/{rel}","templated":true}]}}