{"id":38775,"date":"2025-01-12T23:40:50","date_gmt":"2025-01-13T05:40:50","guid":{"rendered":"https:\/\/amgpromocionales.com.mx\/?post_type=product&#038;p=38775"},"modified":"2025-01-20T23:07:48","modified_gmt":"2025-01-21T05:07:48","slug":"termo-a2676","status":"publish","type":"product","link":"https:\/\/amgpromocionales.mx\/en\/shop\/termo-a2676\/","title":{"rendered":"TERMO A2676"},"content":{"rendered":"<p>Termo de doble pared insulado al alto vac\u00edo, con acabado de polvo pl\u00e1stico. Mantiene las bebidas fr\u00edas por 12 hrs y calientes por 6 hrs. Tapa de rosca con seguro para evitar derrames y sistema de f\u00e1cil apertura a una sola mano. CAP. 400 ml. (13.5 OZ). Presentaci\u00f3n: Caja en color blanco.<\/p>","protected":false},"excerpt":{"rendered":"<p>Termo de doble pared insulado al alto vac\u00edo, con acabado de polvo pl\u00e1stico. Mantiene las bebidas fr\u00edas por 12 hrs y calientes por 6 hrs. Tapa de rosca con seguro para evitar derrames y sistema de f\u00e1cil apertura a una sola mano. CAP. 400 ml. (13.5 OZ). Presentaci\u00f3n: Caja en color blanco.<\/p>","protected":false},"featured_media":20401,"comment_status":"closed","ping_status":"closed","template":"","meta":[],"genre":[],"product_cat":[323,391],"product_tag":[],"class_list":{"0":"post-38775","1":"product","2":"type-product","3":"status-publish","4":"has-post-thumbnail","6":"product_cat-termos","7":"product_cat-ver-todo-bebidas","9":"first","10":"instock","11":"shipping-taxable","12":"purchasable","13":"product-type-simple"},"_links":{"self":[{"href":"https:\/\/amgpromocionales.mx\/en\/wp-json\/wp\/v2\/product\/38775","targetHints":{"allow":["GET"]}}],"collection":[{"href":"https:\/\/amgpromocionales.mx\/en\/wp-json\/wp\/v2\/product"}],"about":[{"href":"https:\/\/amgpromocionales.mx\/en\/wp-json\/wp\/v2\/types\/product"}],"replies":[{"embeddable":true,"href":"https:\/\/amgpromocionales.mx\/en\/wp-json\/wp\/v2\/comments?post=38775"}],"wp:featuredmedia":[{"embeddable":true,"href":"https:\/\/amgpromocionales.mx\/en\/wp-json\/wp\/v2\/media\/20401"}],"wp:attachment":[{"href":"https:\/\/amgpromocionales.mx\/en\/wp-json\/wp\/v2\/media?parent=38775"}],"wp:term":[{"taxonomy":"product_brand","embeddable":true,"href":"https:\/\/amgpromocionales.mx\/en\/wp-json\/wp\/v2\/genre?post=38775"},{"taxonomy":"product_cat","embeddable":true,"href":"https:\/\/amgpromocionales.mx\/en\/wp-json\/wp\/v2\/product_cat?post=38775"},{"taxonomy":"product_tag","embeddable":true,"href":"https:\/\/amgpromocionales.mx\/en\/wp-json\/wp\/v2\/product_tag?post=38775"}],"curies":[{"name":"wp","href":"https:\/\/api.w.org\/{rel}","templated":true}]}}