{"id":38764,"date":"2025-01-12T23:40:21","date_gmt":"2025-01-13T05:40:21","guid":{"rendered":"https:\/\/amgpromocionales.com.mx\/?post_type=product&#038;p=38764"},"modified":"2025-01-21T00:07:50","modified_gmt":"2025-01-21T06:07:50","slug":"estuche-a2673","status":"publish","type":"product","link":"https:\/\/amgpromocionales.mx\/en\/shop\/estuche-a2673\/","title":{"rendered":"ESTUCHE A2673"},"content":{"rendered":"<p>Estuche ecol\u00f3gico de cart\u00f3n con resorte para cerrarse, cuenta con: Block de 40 hojas rayadas, regla de 15 cm, bol\u00edgrafo de cart\u00f3n, goma blanca, sacapuntas y 2 l\u00e1pices.<\/p>","protected":false},"excerpt":{"rendered":"<p>Estuche ecol\u00f3gico de cart\u00f3n con resorte para cerrarse, cuenta con: Block de 40 hojas rayadas, regla de 15 cm, bol\u00edgrafo de cart\u00f3n, goma blanca, sacapuntas y 2 l\u00e1pices.<\/p>","protected":false},"featured_media":24650,"comment_status":"closed","ping_status":"closed","template":"","meta":[],"genre":[],"product_cat":[358,396],"product_tag":[],"class_list":{"0":"post-38764","1":"product","2":"type-product","3":"status-publish","4":"has-post-thumbnail","6":"product_cat-notas-oficina","7":"product_cat-ver-todo-oficina","9":"first","10":"instock","11":"shipping-taxable","12":"purchasable","13":"product-type-simple"},"_links":{"self":[{"href":"https:\/\/amgpromocionales.mx\/en\/wp-json\/wp\/v2\/product\/38764","targetHints":{"allow":["GET"]}}],"collection":[{"href":"https:\/\/amgpromocionales.mx\/en\/wp-json\/wp\/v2\/product"}],"about":[{"href":"https:\/\/amgpromocionales.mx\/en\/wp-json\/wp\/v2\/types\/product"}],"replies":[{"embeddable":true,"href":"https:\/\/amgpromocionales.mx\/en\/wp-json\/wp\/v2\/comments?post=38764"}],"wp:featuredmedia":[{"embeddable":true,"href":"https:\/\/amgpromocionales.mx\/en\/wp-json\/wp\/v2\/media\/24650"}],"wp:attachment":[{"href":"https:\/\/amgpromocionales.mx\/en\/wp-json\/wp\/v2\/media?parent=38764"}],"wp:term":[{"taxonomy":"product_brand","embeddable":true,"href":"https:\/\/amgpromocionales.mx\/en\/wp-json\/wp\/v2\/genre?post=38764"},{"taxonomy":"product_cat","embeddable":true,"href":"https:\/\/amgpromocionales.mx\/en\/wp-json\/wp\/v2\/product_cat?post=38764"},{"taxonomy":"product_tag","embeddable":true,"href":"https:\/\/amgpromocionales.mx\/en\/wp-json\/wp\/v2\/product_tag?post=38764"}],"curies":[{"name":"wp","href":"https:\/\/api.w.org\/{rel}","templated":true}]}}