{"id":38741,"date":"2025-01-12T23:40:12","date_gmt":"2025-01-13T05:40:12","guid":{"rendered":"https:\/\/amgpromocionales.com.mx\/?post_type=product&#038;p=38741"},"modified":"2025-01-20T23:57:56","modified_gmt":"2025-01-21T05:57:56","slug":"libreta-a2670","status":"publish","type":"product","link":"https:\/\/amgpromocionales.mx\/en\/shop\/libreta-a2670\/","title":{"rendered":"LIBRETA A2670"},"content":{"rendered":"<p>Libreta de espiral con 70 hojas rayadas (140 p\u00e1ginas). Cuenta con im\u00e1n en la parte trasera para sostener bol\u00edgrafo met\u00e1lico. (No Incluye bol\u00edgrafo).<\/p>","protected":false},"excerpt":{"rendered":"<p>Libreta de espiral con 70 hojas rayadas (140 p\u00e1ginas). Cuenta con im\u00e1n en la parte trasera para sostener bol\u00edgrafo met\u00e1lico. (No Incluye bol\u00edgrafo).<\/p>","protected":false},"featured_media":24630,"comment_status":"closed","ping_status":"closed","template":"","meta":[],"genre":[],"product_cat":[314,395],"product_tag":[],"class_list":{"0":"post-38741","1":"product","2":"type-product","3":"status-publish","4":"has-post-thumbnail","6":"product_cat-libretas-libretas-y-agendas","7":"product_cat-ver-todo-libretas-y-agendas","9":"first","10":"instock","11":"shipping-taxable","12":"purchasable","13":"product-type-variable"},"_links":{"self":[{"href":"https:\/\/amgpromocionales.mx\/en\/wp-json\/wp\/v2\/product\/38741","targetHints":{"allow":["GET"]}}],"collection":[{"href":"https:\/\/amgpromocionales.mx\/en\/wp-json\/wp\/v2\/product"}],"about":[{"href":"https:\/\/amgpromocionales.mx\/en\/wp-json\/wp\/v2\/types\/product"}],"replies":[{"embeddable":true,"href":"https:\/\/amgpromocionales.mx\/en\/wp-json\/wp\/v2\/comments?post=38741"}],"wp:featuredmedia":[{"embeddable":true,"href":"https:\/\/amgpromocionales.mx\/en\/wp-json\/wp\/v2\/media\/24630"}],"wp:attachment":[{"href":"https:\/\/amgpromocionales.mx\/en\/wp-json\/wp\/v2\/media?parent=38741"}],"wp:term":[{"taxonomy":"product_brand","embeddable":true,"href":"https:\/\/amgpromocionales.mx\/en\/wp-json\/wp\/v2\/genre?post=38741"},{"taxonomy":"product_cat","embeddable":true,"href":"https:\/\/amgpromocionales.mx\/en\/wp-json\/wp\/v2\/product_cat?post=38741"},{"taxonomy":"product_tag","embeddable":true,"href":"https:\/\/amgpromocionales.mx\/en\/wp-json\/wp\/v2\/product_tag?post=38741"}],"curies":[{"name":"wp","href":"https:\/\/api.w.org\/{rel}","templated":true}]}}