{"id":38729,"date":"2025-01-12T23:39:48","date_gmt":"2025-01-13T05:39:48","guid":{"rendered":"https:\/\/amgpromocionales.com.mx\/?post_type=product&#038;p=38729"},"modified":"2025-01-21T00:02:41","modified_gmt":"2025-01-21T06:02:41","slug":"estuche-a2666","status":"publish","type":"product","link":"https:\/\/amgpromocionales.mx\/en\/shop\/estuche-a2666\/","title":{"rendered":"ESTUCHE A2666"},"content":{"rendered":"<p>Estuche r\u00edgido para bol\u00edgrafos con acabado brillante,  interior de terciopelo negro. Capacidad para 1 bol\u00edgrafo. No incluye bol\u00edgrafo.<\/p>","protected":false},"excerpt":{"rendered":"<p>Estuche r\u00edgido para bol\u00edgrafos con acabado brillante, interior de terciopelo negro. Capacidad para 1 bol\u00edgrafo. No incluye bol\u00edgrafo.<\/p>","protected":false},"featured_media":21480,"comment_status":"closed","ping_status":"closed","template":"","meta":[],"genre":[],"product_cat":[375,396],"product_tag":[],"class_list":{"0":"post-38729","1":"product","2":"type-product","3":"status-publish","4":"has-post-thumbnail","6":"product_cat-cajas-bolsas-y-estuches","7":"product_cat-ver-todo-oficina","9":"first","10":"instock","11":"shipping-taxable","12":"purchasable","13":"product-type-simple"},"_links":{"self":[{"href":"https:\/\/amgpromocionales.mx\/en\/wp-json\/wp\/v2\/product\/38729","targetHints":{"allow":["GET"]}}],"collection":[{"href":"https:\/\/amgpromocionales.mx\/en\/wp-json\/wp\/v2\/product"}],"about":[{"href":"https:\/\/amgpromocionales.mx\/en\/wp-json\/wp\/v2\/types\/product"}],"replies":[{"embeddable":true,"href":"https:\/\/amgpromocionales.mx\/en\/wp-json\/wp\/v2\/comments?post=38729"}],"wp:featuredmedia":[{"embeddable":true,"href":"https:\/\/amgpromocionales.mx\/en\/wp-json\/wp\/v2\/media\/21480"}],"wp:attachment":[{"href":"https:\/\/amgpromocionales.mx\/en\/wp-json\/wp\/v2\/media?parent=38729"}],"wp:term":[{"taxonomy":"product_brand","embeddable":true,"href":"https:\/\/amgpromocionales.mx\/en\/wp-json\/wp\/v2\/genre?post=38729"},{"taxonomy":"product_cat","embeddable":true,"href":"https:\/\/amgpromocionales.mx\/en\/wp-json\/wp\/v2\/product_cat?post=38729"},{"taxonomy":"product_tag","embeddable":true,"href":"https:\/\/amgpromocionales.mx\/en\/wp-json\/wp\/v2\/product_tag?post=38729"}],"curies":[{"name":"wp","href":"https:\/\/api.w.org\/{rel}","templated":true}]}}