{"id":38724,"date":"2025-01-12T23:39:46","date_gmt":"2025-01-13T05:39:46","guid":{"rendered":"https:\/\/amgpromocionales.com.mx\/?post_type=product&#038;p=38724"},"modified":"2025-01-20T23:57:57","modified_gmt":"2025-01-21T05:57:57","slug":"libreta-a2663","status":"publish","type":"product","link":"https:\/\/amgpromocionales.mx\/en\/shop\/libreta-a2663\/","title":{"rendered":"LIBRETA A2663"},"content":{"rendered":"<p>Libreta vertical A5 de pasta r\u00edgida con cubierta tipo curpiel. De 80 hojas rayadas (160 paginas). Separador de list\u00f3n y porta bol\u00edgrafo el\u00e1stico.<\/p>","protected":false},"excerpt":{"rendered":"<p>Libreta vertical A5 de pasta r\u00edgida con cubierta tipo curpiel. De 80 hojas rayadas (160 paginas). Separador de list\u00f3n y porta bol\u00edgrafo el\u00e1stico.<\/p>","protected":false},"featured_media":24603,"comment_status":"closed","ping_status":"closed","template":"","meta":[],"genre":[],"product_cat":[314,395],"product_tag":[],"class_list":{"0":"post-38724","1":"product","2":"type-product","3":"status-publish","4":"has-post-thumbnail","6":"product_cat-libretas-libretas-y-agendas","7":"product_cat-ver-todo-libretas-y-agendas","9":"first","10":"instock","11":"shipping-taxable","12":"purchasable","13":"product-type-simple"},"_links":{"self":[{"href":"https:\/\/amgpromocionales.mx\/en\/wp-json\/wp\/v2\/product\/38724","targetHints":{"allow":["GET"]}}],"collection":[{"href":"https:\/\/amgpromocionales.mx\/en\/wp-json\/wp\/v2\/product"}],"about":[{"href":"https:\/\/amgpromocionales.mx\/en\/wp-json\/wp\/v2\/types\/product"}],"replies":[{"embeddable":true,"href":"https:\/\/amgpromocionales.mx\/en\/wp-json\/wp\/v2\/comments?post=38724"}],"wp:featuredmedia":[{"embeddable":true,"href":"https:\/\/amgpromocionales.mx\/en\/wp-json\/wp\/v2\/media\/24603"}],"wp:attachment":[{"href":"https:\/\/amgpromocionales.mx\/en\/wp-json\/wp\/v2\/media?parent=38724"}],"wp:term":[{"taxonomy":"product_brand","embeddable":true,"href":"https:\/\/amgpromocionales.mx\/en\/wp-json\/wp\/v2\/genre?post=38724"},{"taxonomy":"product_cat","embeddable":true,"href":"https:\/\/amgpromocionales.mx\/en\/wp-json\/wp\/v2\/product_cat?post=38724"},{"taxonomy":"product_tag","embeddable":true,"href":"https:\/\/amgpromocionales.mx\/en\/wp-json\/wp\/v2\/product_tag?post=38724"}],"curies":[{"name":"wp","href":"https:\/\/api.w.org\/{rel}","templated":true}]}}