{"id":38663,"date":"2025-01-12T23:39:13","date_gmt":"2025-01-13T05:39:13","guid":{"rendered":"https:\/\/amgpromocionales.com.mx\/?post_type=product&#038;p=38663"},"modified":"2025-01-20T23:23:17","modified_gmt":"2025-01-21T05:23:17","slug":"vaso-a2645","status":"publish","type":"product","link":"https:\/\/amgpromocionales.mx\/en\/shop\/vaso-a2645\/","title":{"rendered":"VASO A2645"},"content":{"rendered":"<p>Vaso t\u00e9rmico de doble pared de acero inoxidable 304 insulado al alto vac\u00edo. Cuenta con acabado de polvo pl\u00e1stico. Incluye tapa a presi\u00f3n transparente con seguro deslizable. CAP. 350 ml. (12 OZ). Presentaci\u00f3n: caja en color blanco.<\/p>","protected":false},"excerpt":{"rendered":"<p>Vaso t\u00e9rmico de doble pared de acero inoxidable 304 insulado al alto vac\u00edo. Cuenta con acabado de polvo pl\u00e1stico. Incluye tapa a presi\u00f3n transparente con seguro deslizable. CAP. 350 ml. (12 OZ). Presentaci\u00f3n: caja en color blanco.<\/p>","protected":false},"featured_media":20324,"comment_status":"closed","ping_status":"closed","template":"","meta":[],"genre":[],"product_cat":[324,391],"product_tag":[],"class_list":{"0":"post-38663","1":"product","2":"type-product","3":"status-publish","4":"has-post-thumbnail","6":"product_cat-cilindros-y-vasos-bebidas","7":"product_cat-ver-todo-bebidas","9":"first","10":"instock","11":"shipping-taxable","12":"purchasable","13":"product-type-variable"},"_links":{"self":[{"href":"https:\/\/amgpromocionales.mx\/en\/wp-json\/wp\/v2\/product\/38663","targetHints":{"allow":["GET"]}}],"collection":[{"href":"https:\/\/amgpromocionales.mx\/en\/wp-json\/wp\/v2\/product"}],"about":[{"href":"https:\/\/amgpromocionales.mx\/en\/wp-json\/wp\/v2\/types\/product"}],"replies":[{"embeddable":true,"href":"https:\/\/amgpromocionales.mx\/en\/wp-json\/wp\/v2\/comments?post=38663"}],"wp:featuredmedia":[{"embeddable":true,"href":"https:\/\/amgpromocionales.mx\/en\/wp-json\/wp\/v2\/media\/20324"}],"wp:attachment":[{"href":"https:\/\/amgpromocionales.mx\/en\/wp-json\/wp\/v2\/media?parent=38663"}],"wp:term":[{"taxonomy":"product_brand","embeddable":true,"href":"https:\/\/amgpromocionales.mx\/en\/wp-json\/wp\/v2\/genre?post=38663"},{"taxonomy":"product_cat","embeddable":true,"href":"https:\/\/amgpromocionales.mx\/en\/wp-json\/wp\/v2\/product_cat?post=38663"},{"taxonomy":"product_tag","embeddable":true,"href":"https:\/\/amgpromocionales.mx\/en\/wp-json\/wp\/v2\/product_tag?post=38663"}],"curies":[{"name":"wp","href":"https:\/\/api.w.org\/{rel}","templated":true}]}}