{"id":38640,"date":"2025-01-12T23:38:47","date_gmt":"2025-01-13T05:38:47","guid":{"rendered":"https:\/\/amgpromocionales.com.mx\/?post_type=product&#038;p=38640"},"modified":"2025-01-21T00:38:43","modified_gmt":"2025-01-21T06:38:43","slug":"gorra-a2640","status":"publish","type":"product","link":"https:\/\/amgpromocionales.mx\/en\/shop\/gorra-a2640\/","title":{"rendered":"GORRA A2640"},"content":{"rendered":"<p>Gorra en poli\u00e9ster para ni\u00f1os con amplio frente acolchonado y 4 gajos en malla. Ajuste con broche de pl\u00e1stico.<\/p>","protected":false},"excerpt":{"rendered":"<p>Gorra en poli\u00e9ster para ni\u00f1os con amplio frente acolchonado y 4 gajos en malla. Ajuste con broche de pl\u00e1stico.<\/p>","protected":false},"featured_media":28298,"comment_status":"closed","ping_status":"closed","template":"","meta":[],"genre":[],"product_cat":[330,399],"product_tag":[],"class_list":{"0":"post-38640","1":"product","2":"type-product","3":"status-publish","4":"has-post-thumbnail","6":"product_cat-gorras","7":"product_cat-ver-todo-textiles","9":"first","10":"instock","11":"shipping-taxable","12":"purchasable","13":"product-type-variable"},"_links":{"self":[{"href":"https:\/\/amgpromocionales.mx\/en\/wp-json\/wp\/v2\/product\/38640","targetHints":{"allow":["GET"]}}],"collection":[{"href":"https:\/\/amgpromocionales.mx\/en\/wp-json\/wp\/v2\/product"}],"about":[{"href":"https:\/\/amgpromocionales.mx\/en\/wp-json\/wp\/v2\/types\/product"}],"replies":[{"embeddable":true,"href":"https:\/\/amgpromocionales.mx\/en\/wp-json\/wp\/v2\/comments?post=38640"}],"wp:featuredmedia":[{"embeddable":true,"href":"https:\/\/amgpromocionales.mx\/en\/wp-json\/wp\/v2\/media\/28298"}],"wp:attachment":[{"href":"https:\/\/amgpromocionales.mx\/en\/wp-json\/wp\/v2\/media?parent=38640"}],"wp:term":[{"taxonomy":"product_brand","embeddable":true,"href":"https:\/\/amgpromocionales.mx\/en\/wp-json\/wp\/v2\/genre?post=38640"},{"taxonomy":"product_cat","embeddable":true,"href":"https:\/\/amgpromocionales.mx\/en\/wp-json\/wp\/v2\/product_cat?post=38640"},{"taxonomy":"product_tag","embeddable":true,"href":"https:\/\/amgpromocionales.mx\/en\/wp-json\/wp\/v2\/product_tag?post=38640"}],"curies":[{"name":"wp","href":"https:\/\/api.w.org\/{rel}","templated":true}]}}