{"id":38591,"date":"2025-01-12T23:38:21","date_gmt":"2025-01-13T05:38:21","guid":{"rendered":"https:\/\/amgpromocionales.com.mx\/?post_type=product&#038;p=38591"},"modified":"2025-01-21T00:25:49","modified_gmt":"2025-01-21T06:25:49","slug":"apuntador-a2625","status":"publish","type":"product","link":"https:\/\/amgpromocionales.mx\/en\/shop\/apuntador-a2625\/","title":{"rendered":"APUNTADOR A2625"},"content":{"rendered":"<p>Apuntador l\u00e1ser y controlador para adelantar o atrasar presentaciones digitales, con dispositivo USB remoto para recibir la se\u00f1al en RF (radio frecuencia). No es necesario apuntar hacia el dispositivo para su funcionamiento. Incluye 1 bater\u00eda AAA. Presentaci\u00f3n: caja en color blanco.<\/p>","protected":false},"excerpt":{"rendered":"<p>Apuntador l\u00e1ser y controlador para adelantar o atrasar presentaciones digitales, con dispositivo USB remoto para recibir la se\u00f1al en RF (radio frecuencia). No es necesario apuntar hacia el dispositivo para su funcionamiento. Incluye 1 bater\u00eda AAA. Presentaci\u00f3n: caja en color blanco.<\/p>","protected":false},"featured_media":26465,"comment_status":"closed","ping_status":"closed","template":"","meta":[],"genre":[],"product_cat":[322,398],"product_tag":[],"class_list":{"0":"post-38591","1":"product","2":"type-product","3":"status-publish","4":"has-post-thumbnail","6":"product_cat-cargadores-y-accesorios","7":"product_cat-ver-todo-tecnologia","9":"first","10":"instock","11":"shipping-taxable","12":"purchasable","13":"product-type-variable"},"_links":{"self":[{"href":"https:\/\/amgpromocionales.mx\/en\/wp-json\/wp\/v2\/product\/38591","targetHints":{"allow":["GET"]}}],"collection":[{"href":"https:\/\/amgpromocionales.mx\/en\/wp-json\/wp\/v2\/product"}],"about":[{"href":"https:\/\/amgpromocionales.mx\/en\/wp-json\/wp\/v2\/types\/product"}],"replies":[{"embeddable":true,"href":"https:\/\/amgpromocionales.mx\/en\/wp-json\/wp\/v2\/comments?post=38591"}],"wp:featuredmedia":[{"embeddable":true,"href":"https:\/\/amgpromocionales.mx\/en\/wp-json\/wp\/v2\/media\/26465"}],"wp:attachment":[{"href":"https:\/\/amgpromocionales.mx\/en\/wp-json\/wp\/v2\/media?parent=38591"}],"wp:term":[{"taxonomy":"product_brand","embeddable":true,"href":"https:\/\/amgpromocionales.mx\/en\/wp-json\/wp\/v2\/genre?post=38591"},{"taxonomy":"product_cat","embeddable":true,"href":"https:\/\/amgpromocionales.mx\/en\/wp-json\/wp\/v2\/product_cat?post=38591"},{"taxonomy":"product_tag","embeddable":true,"href":"https:\/\/amgpromocionales.mx\/en\/wp-json\/wp\/v2\/product_tag?post=38591"}],"curies":[{"name":"wp","href":"https:\/\/api.w.org\/{rel}","templated":true}]}}