{"id":38588,"date":"2025-01-12T23:38:02","date_gmt":"2025-01-13T05:38:02","guid":{"rendered":"https:\/\/amgpromocionales.com.mx\/?post_type=product&#038;p=38588"},"modified":"2025-01-21T00:25:50","modified_gmt":"2025-01-21T06:25:50","slug":"mouse-a2624","status":"publish","type":"product","link":"https:\/\/amgpromocionales.mx\/en\/shop\/mouse-a2624\/","title":{"rendered":"MOUSE A2624"},"content":{"rendered":"<p>Mouse inal\u00e1mbrico, con compartimento para guardar control USB a distancia, bot\u00f3n de scroll, bot\u00f3n de encendido y apagado para ahorro de energ\u00eda. Utiliza dos pilas alcalinas AAA (incluidas). Cuenta con un bot\u00f3n adicional para cambiar r\u00e1pidamente de niveles de DPI (800\/1000\/1200). Presentaci\u00f3n: caja en color blanco.<\/p>","protected":false},"excerpt":{"rendered":"<p>Mouse inal\u00e1mbrico, con compartimento para guardar control USB a distancia, bot\u00f3n de scroll, bot\u00f3n de encendido y apagado para ahorro de energ\u00eda. Utiliza dos pilas alcalinas AAA (incluidas). Cuenta con un bot\u00f3n adicional para cambiar r\u00e1pidamente de niveles de DPI (800\/1000\/1200). Presentaci\u00f3n: caja en color blanco.<\/p>","protected":false},"featured_media":26457,"comment_status":"closed","ping_status":"closed","template":"","meta":[],"genre":[],"product_cat":[322,398],"product_tag":[],"class_list":{"0":"post-38588","1":"product","2":"type-product","3":"status-publish","4":"has-post-thumbnail","6":"product_cat-cargadores-y-accesorios","7":"product_cat-ver-todo-tecnologia","9":"first","10":"instock","11":"shipping-taxable","12":"purchasable","13":"product-type-variable"},"_links":{"self":[{"href":"https:\/\/amgpromocionales.mx\/en\/wp-json\/wp\/v2\/product\/38588","targetHints":{"allow":["GET"]}}],"collection":[{"href":"https:\/\/amgpromocionales.mx\/en\/wp-json\/wp\/v2\/product"}],"about":[{"href":"https:\/\/amgpromocionales.mx\/en\/wp-json\/wp\/v2\/types\/product"}],"replies":[{"embeddable":true,"href":"https:\/\/amgpromocionales.mx\/en\/wp-json\/wp\/v2\/comments?post=38588"}],"wp:featuredmedia":[{"embeddable":true,"href":"https:\/\/amgpromocionales.mx\/en\/wp-json\/wp\/v2\/media\/26457"}],"wp:attachment":[{"href":"https:\/\/amgpromocionales.mx\/en\/wp-json\/wp\/v2\/media?parent=38588"}],"wp:term":[{"taxonomy":"product_brand","embeddable":true,"href":"https:\/\/amgpromocionales.mx\/en\/wp-json\/wp\/v2\/genre?post=38588"},{"taxonomy":"product_cat","embeddable":true,"href":"https:\/\/amgpromocionales.mx\/en\/wp-json\/wp\/v2\/product_cat?post=38588"},{"taxonomy":"product_tag","embeddable":true,"href":"https:\/\/amgpromocionales.mx\/en\/wp-json\/wp\/v2\/product_tag?post=38588"}],"curies":[{"name":"wp","href":"https:\/\/api.w.org\/{rel}","templated":true}]}}