{"id":38565,"date":"2025-01-12T23:37:56","date_gmt":"2025-01-13T05:37:56","guid":{"rendered":"https:\/\/amgpromocionales.com.mx\/?post_type=product&#038;p=38565"},"modified":"2025-01-20T23:23:21","modified_gmt":"2025-01-21T05:23:21","slug":"cilindro-a2615","status":"publish","type":"product","link":"https:\/\/amgpromocionales.mx\/en\/shop\/cilindro-a2615\/","title":{"rendered":"CILINDRO A2615"},"content":{"rendered":"<p>Cilindro de acero inoxidable de sublimaci\u00f3n. Aviso: Separar la parte de pl\u00e1stico al sublimar. CAP. 450 ml. (15 OZ). Presentaci\u00f3n: caja en color blanco. Temperatura y Tiempo sugeridos para sublimar:  195 grados \/ 45 seg.<\/p>","protected":false},"excerpt":{"rendered":"<p>Cilindro de acero inoxidable de sublimaci\u00f3n. Aviso: Separar la parte de pl\u00e1stico al sublimar. CAP. 450 ml. (15 OZ). Presentaci\u00f3n: caja en color blanco. Temperatura y Tiempo sugeridos para sublimar: 195 grados \/ 45 seg.<\/p>","protected":false},"featured_media":25670,"comment_status":"closed","ping_status":"closed","template":"","meta":[],"genre":[],"product_cat":[324,391],"product_tag":[],"class_list":{"0":"post-38565","1":"product","2":"type-product","3":"status-publish","4":"has-post-thumbnail","6":"product_cat-cilindros-y-vasos-bebidas","7":"product_cat-ver-todo-bebidas","9":"first","10":"instock","11":"shipping-taxable","12":"purchasable","13":"product-type-variable"},"_links":{"self":[{"href":"https:\/\/amgpromocionales.mx\/en\/wp-json\/wp\/v2\/product\/38565","targetHints":{"allow":["GET"]}}],"collection":[{"href":"https:\/\/amgpromocionales.mx\/en\/wp-json\/wp\/v2\/product"}],"about":[{"href":"https:\/\/amgpromocionales.mx\/en\/wp-json\/wp\/v2\/types\/product"}],"replies":[{"embeddable":true,"href":"https:\/\/amgpromocionales.mx\/en\/wp-json\/wp\/v2\/comments?post=38565"}],"wp:featuredmedia":[{"embeddable":true,"href":"https:\/\/amgpromocionales.mx\/en\/wp-json\/wp\/v2\/media\/25670"}],"wp:attachment":[{"href":"https:\/\/amgpromocionales.mx\/en\/wp-json\/wp\/v2\/media?parent=38565"}],"wp:term":[{"taxonomy":"product_brand","embeddable":true,"href":"https:\/\/amgpromocionales.mx\/en\/wp-json\/wp\/v2\/genre?post=38565"},{"taxonomy":"product_cat","embeddable":true,"href":"https:\/\/amgpromocionales.mx\/en\/wp-json\/wp\/v2\/product_cat?post=38565"},{"taxonomy":"product_tag","embeddable":true,"href":"https:\/\/amgpromocionales.mx\/en\/wp-json\/wp\/v2\/product_tag?post=38565"}],"curies":[{"name":"wp","href":"https:\/\/api.w.org\/{rel}","templated":true}]}}