{"id":38554,"date":"2025-01-12T23:37:37","date_gmt":"2025-01-13T05:37:37","guid":{"rendered":"https:\/\/amgpromocionales.com.mx\/?post_type=product&#038;p=38554"},"modified":"2025-01-21T00:50:23","modified_gmt":"2025-01-21T06:50:23","slug":"paraguas-a2610","status":"publish","type":"product","link":"https:\/\/amgpromocionales.mx\/en\/shop\/paraguas-a2610\/","title":{"rendered":"PARAGUAS A2610"},"content":{"rendered":"<p>Paraguas antiviento con bot\u00f3n de apertura autom\u00e1tico, varillas de fibra de vidrio y eje de metal, mango de pl\u00e1stico, gajo transparente de PVC que permite tener una mejor visi\u00f3n ante la lluvia y orilla reflejante. 8 gajos.<\/p>","protected":false},"excerpt":{"rendered":"<p>Paraguas antiviento con bot\u00f3n de apertura autom\u00e1tico, varillas de fibra de vidrio y eje de metal, mango de pl\u00e1stico, gajo transparente de PVC que permite tener una mejor visi\u00f3n ante la lluvia y orilla reflejante. 8 gajos.<\/p>","protected":false},"featured_media":28242,"comment_status":"closed","ping_status":"closed","template":"","meta":[],"genre":[],"product_cat":[367,399],"product_tag":[],"class_list":{"0":"post-38554","1":"product","2":"type-product","3":"status-publish","4":"has-post-thumbnail","6":"product_cat-paraguas-e-impermeables","7":"product_cat-ver-todo-textiles","9":"first","10":"instock","11":"shipping-taxable","12":"purchasable","13":"product-type-variable"},"_links":{"self":[{"href":"https:\/\/amgpromocionales.mx\/en\/wp-json\/wp\/v2\/product\/38554","targetHints":{"allow":["GET"]}}],"collection":[{"href":"https:\/\/amgpromocionales.mx\/en\/wp-json\/wp\/v2\/product"}],"about":[{"href":"https:\/\/amgpromocionales.mx\/en\/wp-json\/wp\/v2\/types\/product"}],"replies":[{"embeddable":true,"href":"https:\/\/amgpromocionales.mx\/en\/wp-json\/wp\/v2\/comments?post=38554"}],"wp:featuredmedia":[{"embeddable":true,"href":"https:\/\/amgpromocionales.mx\/en\/wp-json\/wp\/v2\/media\/28242"}],"wp:attachment":[{"href":"https:\/\/amgpromocionales.mx\/en\/wp-json\/wp\/v2\/media?parent=38554"}],"wp:term":[{"taxonomy":"product_brand","embeddable":true,"href":"https:\/\/amgpromocionales.mx\/en\/wp-json\/wp\/v2\/genre?post=38554"},{"taxonomy":"product_cat","embeddable":true,"href":"https:\/\/amgpromocionales.mx\/en\/wp-json\/wp\/v2\/product_cat?post=38554"},{"taxonomy":"product_tag","embeddable":true,"href":"https:\/\/amgpromocionales.mx\/en\/wp-json\/wp\/v2\/product_tag?post=38554"}],"curies":[{"name":"wp","href":"https:\/\/api.w.org\/{rel}","templated":true}]}}