{"id":38541,"date":"2025-01-12T23:37:34","date_gmt":"2025-01-13T05:37:34","guid":{"rendered":"https:\/\/amgpromocionales.com.mx\/?post_type=product&#038;p=38541"},"modified":"2025-01-20T23:35:42","modified_gmt":"2025-01-21T05:35:42","slug":"boligrafo-a2606","status":"publish","type":"product","link":"https:\/\/amgpromocionales.mx\/en\/shop\/boligrafo-a2606\/","title":{"rendered":"BOL\u00cdGRAFO A2606"},"content":{"rendered":"<p>Bol\u00edgrafo delgado de pl\u00e1stico moldeado de manera flexible en forma de coraz\u00f3n.<\/p>","protected":false},"excerpt":{"rendered":"<p>Bol\u00edgrafo delgado de pl\u00e1stico moldeado de manera flexible en forma de coraz\u00f3n.<\/p>","protected":false},"featured_media":21468,"comment_status":"closed","ping_status":"closed","template":"","meta":[],"genre":[],"product_cat":[266,392],"product_tag":[],"class_list":{"0":"post-38541","1":"product","2":"type-product","3":"status-publish","4":"has-post-thumbnail","6":"product_cat-boligrafos-plasticos","7":"product_cat-ver-todo-boligrafos-y-lapices","9":"first","10":"instock","11":"shipping-taxable","12":"purchasable","13":"product-type-simple"},"_links":{"self":[{"href":"https:\/\/amgpromocionales.mx\/en\/wp-json\/wp\/v2\/product\/38541","targetHints":{"allow":["GET"]}}],"collection":[{"href":"https:\/\/amgpromocionales.mx\/en\/wp-json\/wp\/v2\/product"}],"about":[{"href":"https:\/\/amgpromocionales.mx\/en\/wp-json\/wp\/v2\/types\/product"}],"replies":[{"embeddable":true,"href":"https:\/\/amgpromocionales.mx\/en\/wp-json\/wp\/v2\/comments?post=38541"}],"wp:featuredmedia":[{"embeddable":true,"href":"https:\/\/amgpromocionales.mx\/en\/wp-json\/wp\/v2\/media\/21468"}],"wp:attachment":[{"href":"https:\/\/amgpromocionales.mx\/en\/wp-json\/wp\/v2\/media?parent=38541"}],"wp:term":[{"taxonomy":"product_brand","embeddable":true,"href":"https:\/\/amgpromocionales.mx\/en\/wp-json\/wp\/v2\/genre?post=38541"},{"taxonomy":"product_cat","embeddable":true,"href":"https:\/\/amgpromocionales.mx\/en\/wp-json\/wp\/v2\/product_cat?post=38541"},{"taxonomy":"product_tag","embeddable":true,"href":"https:\/\/amgpromocionales.mx\/en\/wp-json\/wp\/v2\/product_tag?post=38541"}],"curies":[{"name":"wp","href":"https:\/\/api.w.org\/{rel}","templated":true}]}}