{"id":38534,"date":"2025-01-12T23:37:32","date_gmt":"2025-01-13T05:37:32","guid":{"rendered":"https:\/\/amgpromocionales.com.mx\/?post_type=product&#038;p=38534"},"modified":"2025-01-19T17:55:29","modified_gmt":"2025-01-19T23:55:29","slug":"boligrafo-a2601","status":"publish","type":"product","link":"https:\/\/amgpromocionales.mx\/en\/shop\/boligrafo-a2601\/","title":{"rendered":"BOL\u00cdGRAFO A2601"},"content":{"rendered":"<p>Bol\u00edgrafo de corcho con mecanismo de click. Cuenta con bot\u00f3n, clip y punta en color.<\/p>","protected":false},"excerpt":{"rendered":"<p>Bol\u00edgrafo de corcho con mecanismo de click. Cuenta con bot\u00f3n, clip y punta en color.<\/p>","protected":false},"featured_media":21449,"comment_status":"closed","ping_status":"closed","template":"","meta":[],"genre":[],"product_cat":[260],"product_tag":[],"class_list":{"0":"post-38534","1":"product","2":"type-product","3":"status-publish","4":"has-post-thumbnail","6":"product_cat-ecologicos","8":"first","9":"instock","10":"shipping-taxable","11":"purchasable","12":"product-type-simple"},"_links":{"self":[{"href":"https:\/\/amgpromocionales.mx\/en\/wp-json\/wp\/v2\/product\/38534","targetHints":{"allow":["GET"]}}],"collection":[{"href":"https:\/\/amgpromocionales.mx\/en\/wp-json\/wp\/v2\/product"}],"about":[{"href":"https:\/\/amgpromocionales.mx\/en\/wp-json\/wp\/v2\/types\/product"}],"replies":[{"embeddable":true,"href":"https:\/\/amgpromocionales.mx\/en\/wp-json\/wp\/v2\/comments?post=38534"}],"wp:featuredmedia":[{"embeddable":true,"href":"https:\/\/amgpromocionales.mx\/en\/wp-json\/wp\/v2\/media\/21449"}],"wp:attachment":[{"href":"https:\/\/amgpromocionales.mx\/en\/wp-json\/wp\/v2\/media?parent=38534"}],"wp:term":[{"taxonomy":"product_brand","embeddable":true,"href":"https:\/\/amgpromocionales.mx\/en\/wp-json\/wp\/v2\/genre?post=38534"},{"taxonomy":"product_cat","embeddable":true,"href":"https:\/\/amgpromocionales.mx\/en\/wp-json\/wp\/v2\/product_cat?post=38534"},{"taxonomy":"product_tag","embeddable":true,"href":"https:\/\/amgpromocionales.mx\/en\/wp-json\/wp\/v2\/product_tag?post=38534"}],"curies":[{"name":"wp","href":"https:\/\/api.w.org\/{rel}","templated":true}]}}