{"id":38498,"date":"2025-01-12T23:36:53","date_gmt":"2025-01-13T05:36:53","guid":{"rendered":"https:\/\/amgpromocionales.com.mx\/?post_type=product&#038;p=38498"},"modified":"2025-01-20T23:57:58","modified_gmt":"2025-01-21T05:57:58","slug":"mini-a2591","status":"publish","type":"product","link":"https:\/\/amgpromocionales.mx\/en\/shop\/mini-a2591\/","title":{"rendered":"MINI A2591"},"content":{"rendered":"<p>Mini libreta de pasta r\u00edgida con textura brillante tama\u00f1o A6, con 80 hojas rayadas (160 p\u00e1ginas). Cuenta con banda el\u00e1stica para cierre y list\u00f3n separador.<\/p>","protected":false},"excerpt":{"rendered":"<p>Mini libreta de pasta r\u00edgida con textura brillante tama\u00f1o A6, con 80 hojas rayadas (160 p\u00e1ginas). Cuenta con banda el\u00e1stica para cierre y list\u00f3n separador.<\/p>","protected":false},"featured_media":24584,"comment_status":"closed","ping_status":"closed","template":"","meta":[],"genre":[],"product_cat":[314,395],"product_tag":[],"class_list":{"0":"post-38498","1":"product","2":"type-product","3":"status-publish","4":"has-post-thumbnail","6":"product_cat-libretas-libretas-y-agendas","7":"product_cat-ver-todo-libretas-y-agendas","9":"first","10":"instock","11":"shipping-taxable","12":"purchasable","13":"product-type-variable"},"_links":{"self":[{"href":"https:\/\/amgpromocionales.mx\/en\/wp-json\/wp\/v2\/product\/38498","targetHints":{"allow":["GET"]}}],"collection":[{"href":"https:\/\/amgpromocionales.mx\/en\/wp-json\/wp\/v2\/product"}],"about":[{"href":"https:\/\/amgpromocionales.mx\/en\/wp-json\/wp\/v2\/types\/product"}],"replies":[{"embeddable":true,"href":"https:\/\/amgpromocionales.mx\/en\/wp-json\/wp\/v2\/comments?post=38498"}],"wp:featuredmedia":[{"embeddable":true,"href":"https:\/\/amgpromocionales.mx\/en\/wp-json\/wp\/v2\/media\/24584"}],"wp:attachment":[{"href":"https:\/\/amgpromocionales.mx\/en\/wp-json\/wp\/v2\/media?parent=38498"}],"wp:term":[{"taxonomy":"product_brand","embeddable":true,"href":"https:\/\/amgpromocionales.mx\/en\/wp-json\/wp\/v2\/genre?post=38498"},{"taxonomy":"product_cat","embeddable":true,"href":"https:\/\/amgpromocionales.mx\/en\/wp-json\/wp\/v2\/product_cat?post=38498"},{"taxonomy":"product_tag","embeddable":true,"href":"https:\/\/amgpromocionales.mx\/en\/wp-json\/wp\/v2\/product_tag?post=38498"}],"curies":[{"name":"wp","href":"https:\/\/api.w.org\/{rel}","templated":true}]}}