{"id":38460,"date":"2025-01-12T23:36:26","date_gmt":"2025-01-13T05:36:26","guid":{"rendered":"https:\/\/amgpromocionales.com.mx\/?post_type=product&#038;p=38460"},"modified":"2025-01-20T23:57:58","modified_gmt":"2025-01-21T05:57:58","slug":"libreta-a2571","status":"publish","type":"product","link":"https:\/\/amgpromocionales.mx\/en\/shop\/libreta-a2571\/","title":{"rendered":"LIBRETA A2571"},"content":{"rendered":"<p>Libreta personal para bit\u00e1cora tama\u00f1o A5 con 80 hojas rayadas (160 p\u00e1ginas). El grabado en l\u00e1ser revela el color a juego con la banda el\u00e1stica para sujetar. Cuenta con separador de list\u00f3n.<\/p>","protected":false},"excerpt":{"rendered":"<p>Libreta personal para bit\u00e1cora tama\u00f1o A5 con 80 hojas rayadas (160 p\u00e1ginas). El grabado en l\u00e1ser revela el color a juego con la banda el\u00e1stica para sujetar. Cuenta con separador de list\u00f3n.<\/p>","protected":false},"featured_media":24513,"comment_status":"closed","ping_status":"closed","template":"","meta":[],"genre":[],"product_cat":[314,395],"product_tag":[],"class_list":{"0":"post-38460","1":"product","2":"type-product","3":"status-publish","4":"has-post-thumbnail","6":"product_cat-libretas-libretas-y-agendas","7":"product_cat-ver-todo-libretas-y-agendas","9":"first","10":"instock","11":"shipping-taxable","12":"purchasable","13":"product-type-variable"},"_links":{"self":[{"href":"https:\/\/amgpromocionales.mx\/en\/wp-json\/wp\/v2\/product\/38460","targetHints":{"allow":["GET"]}}],"collection":[{"href":"https:\/\/amgpromocionales.mx\/en\/wp-json\/wp\/v2\/product"}],"about":[{"href":"https:\/\/amgpromocionales.mx\/en\/wp-json\/wp\/v2\/types\/product"}],"replies":[{"embeddable":true,"href":"https:\/\/amgpromocionales.mx\/en\/wp-json\/wp\/v2\/comments?post=38460"}],"wp:featuredmedia":[{"embeddable":true,"href":"https:\/\/amgpromocionales.mx\/en\/wp-json\/wp\/v2\/media\/24513"}],"wp:attachment":[{"href":"https:\/\/amgpromocionales.mx\/en\/wp-json\/wp\/v2\/media?parent=38460"}],"wp:term":[{"taxonomy":"product_brand","embeddable":true,"href":"https:\/\/amgpromocionales.mx\/en\/wp-json\/wp\/v2\/genre?post=38460"},{"taxonomy":"product_cat","embeddable":true,"href":"https:\/\/amgpromocionales.mx\/en\/wp-json\/wp\/v2\/product_cat?post=38460"},{"taxonomy":"product_tag","embeddable":true,"href":"https:\/\/amgpromocionales.mx\/en\/wp-json\/wp\/v2\/product_tag?post=38460"}],"curies":[{"name":"wp","href":"https:\/\/api.w.org\/{rel}","templated":true}]}}