{"id":38430,"date":"2025-01-12T23:36:02","date_gmt":"2025-01-13T05:36:02","guid":{"rendered":"https:\/\/amgpromocionales.com.mx\/?post_type=product&#038;p=38430"},"modified":"2025-01-20T23:30:02","modified_gmt":"2025-01-21T05:30:02","slug":"boligrafo-a2566","status":"publish","type":"product","link":"https:\/\/amgpromocionales.mx\/en\/shop\/boligrafo-a2566\/","title":{"rendered":"BOL\u00cdGRAFO A2566"},"content":{"rendered":"<p>Bol\u00edgrafo de aluminio con recubrimiento de goma. Con detalles y clip met\u00e1lico. Punta touch y mecanismo de click.<\/p>","protected":false},"excerpt":{"rendered":"<p>Bol\u00edgrafo de aluminio con recubrimiento de goma. Con detalles y clip met\u00e1lico. Punta touch y mecanismo de click.<\/p>","protected":false},"featured_media":21400,"comment_status":"closed","ping_status":"closed","template":"","meta":[],"genre":[],"product_cat":[265,392],"product_tag":[],"class_list":{"0":"post-38430","1":"product","2":"type-product","3":"status-publish","4":"has-post-thumbnail","6":"product_cat-boligrafos-metalicos","7":"product_cat-ver-todo-boligrafos-y-lapices","9":"first","10":"instock","11":"shipping-taxable","12":"purchasable","13":"product-type-variable"},"_links":{"self":[{"href":"https:\/\/amgpromocionales.mx\/en\/wp-json\/wp\/v2\/product\/38430","targetHints":{"allow":["GET"]}}],"collection":[{"href":"https:\/\/amgpromocionales.mx\/en\/wp-json\/wp\/v2\/product"}],"about":[{"href":"https:\/\/amgpromocionales.mx\/en\/wp-json\/wp\/v2\/types\/product"}],"replies":[{"embeddable":true,"href":"https:\/\/amgpromocionales.mx\/en\/wp-json\/wp\/v2\/comments?post=38430"}],"wp:featuredmedia":[{"embeddable":true,"href":"https:\/\/amgpromocionales.mx\/en\/wp-json\/wp\/v2\/media\/21400"}],"wp:attachment":[{"href":"https:\/\/amgpromocionales.mx\/en\/wp-json\/wp\/v2\/media?parent=38430"}],"wp:term":[{"taxonomy":"product_brand","embeddable":true,"href":"https:\/\/amgpromocionales.mx\/en\/wp-json\/wp\/v2\/genre?post=38430"},{"taxonomy":"product_cat","embeddable":true,"href":"https:\/\/amgpromocionales.mx\/en\/wp-json\/wp\/v2\/product_cat?post=38430"},{"taxonomy":"product_tag","embeddable":true,"href":"https:\/\/amgpromocionales.mx\/en\/wp-json\/wp\/v2\/product_tag?post=38430"}],"curies":[{"name":"wp","href":"https:\/\/api.w.org\/{rel}","templated":true}]}}