{"id":38410,"date":"2025-01-12T23:35:58","date_gmt":"2025-01-13T05:35:58","guid":{"rendered":"https:\/\/amgpromocionales.com.mx\/?post_type=product&#038;p=38410"},"modified":"2025-01-21T00:19:08","modified_gmt":"2025-01-21T06:19:08","slug":"cable-a2558","status":"publish","type":"product","link":"https:\/\/amgpromocionales.mx\/en\/shop\/cable-a2558\/","title":{"rendered":"CABLE A2558"},"content":{"rendered":"<p>Cable conector USB con adaptador d\u00fao, para iPhone y Android, as\u00ed como tipo C. Cuenta con una l\u00e1mina de pl\u00e1stico para impresi\u00f3n.<\/p>","protected":false},"excerpt":{"rendered":"<p>Cable conector USB con adaptador d\u00fao, para iPhone y Android, as\u00ed como tipo C. Cuenta con una l\u00e1mina de pl\u00e1stico para impresi\u00f3n.<\/p>","protected":false},"featured_media":26376,"comment_status":"closed","ping_status":"closed","template":"","meta":[],"genre":[],"product_cat":[337,398],"product_tag":[],"class_list":{"0":"post-38410","1":"product","2":"type-product","3":"status-publish","4":"has-post-thumbnail","6":"product_cat-accesorios-para-celular","7":"product_cat-ver-todo-tecnologia","9":"first","10":"instock","11":"shipping-taxable","12":"purchasable","13":"product-type-simple"},"_links":{"self":[{"href":"https:\/\/amgpromocionales.mx\/en\/wp-json\/wp\/v2\/product\/38410","targetHints":{"allow":["GET"]}}],"collection":[{"href":"https:\/\/amgpromocionales.mx\/en\/wp-json\/wp\/v2\/product"}],"about":[{"href":"https:\/\/amgpromocionales.mx\/en\/wp-json\/wp\/v2\/types\/product"}],"replies":[{"embeddable":true,"href":"https:\/\/amgpromocionales.mx\/en\/wp-json\/wp\/v2\/comments?post=38410"}],"wp:featuredmedia":[{"embeddable":true,"href":"https:\/\/amgpromocionales.mx\/en\/wp-json\/wp\/v2\/media\/26376"}],"wp:attachment":[{"href":"https:\/\/amgpromocionales.mx\/en\/wp-json\/wp\/v2\/media?parent=38410"}],"wp:term":[{"taxonomy":"product_brand","embeddable":true,"href":"https:\/\/amgpromocionales.mx\/en\/wp-json\/wp\/v2\/genre?post=38410"},{"taxonomy":"product_cat","embeddable":true,"href":"https:\/\/amgpromocionales.mx\/en\/wp-json\/wp\/v2\/product_cat?post=38410"},{"taxonomy":"product_tag","embeddable":true,"href":"https:\/\/amgpromocionales.mx\/en\/wp-json\/wp\/v2\/product_tag?post=38410"}],"curies":[{"name":"wp","href":"https:\/\/api.w.org\/{rel}","templated":true}]}}