{"id":38406,"date":"2025-01-12T23:35:40","date_gmt":"2025-01-13T05:35:40","guid":{"rendered":"https:\/\/amgpromocionales.com.mx\/?post_type=product&#038;p=38406"},"modified":"2025-01-21T00:19:08","modified_gmt":"2025-01-21T06:19:08","slug":"cable-a2556","status":"publish","type":"product","link":"https:\/\/amgpromocionales.mx\/en\/shop\/cable-a2556\/","title":{"rendered":"CABLE A2556"},"content":{"rendered":"<p>Cable conector USB con adaptador d\u00fao, para iPhone y Android, as\u00ed como tipo C. Cuenta con arillo met\u00e1lico de llavero. Al igual que con luz LED que se enciende al conectar. Se recomienda el grabado l\u00e1ser para la visualizaci\u00f3n de la luz.<\/p>","protected":false},"excerpt":{"rendered":"<p>Cable conector USB con adaptador d\u00fao, para iPhone y Android, as\u00ed como tipo C. Cuenta con arillo met\u00e1lico de llavero. Al igual que con luz LED que se enciende al conectar. Se recomienda el grabado l\u00e1ser para la visualizaci\u00f3n de la luz.<\/p>","protected":false},"featured_media":26366,"comment_status":"closed","ping_status":"closed","template":"","meta":[],"genre":[],"product_cat":[337,398],"product_tag":[],"class_list":{"0":"post-38406","1":"product","2":"type-product","3":"status-publish","4":"has-post-thumbnail","6":"product_cat-accesorios-para-celular","7":"product_cat-ver-todo-tecnologia","9":"first","10":"instock","11":"shipping-taxable","12":"purchasable","13":"product-type-variable"},"_links":{"self":[{"href":"https:\/\/amgpromocionales.mx\/en\/wp-json\/wp\/v2\/product\/38406","targetHints":{"allow":["GET"]}}],"collection":[{"href":"https:\/\/amgpromocionales.mx\/en\/wp-json\/wp\/v2\/product"}],"about":[{"href":"https:\/\/amgpromocionales.mx\/en\/wp-json\/wp\/v2\/types\/product"}],"replies":[{"embeddable":true,"href":"https:\/\/amgpromocionales.mx\/en\/wp-json\/wp\/v2\/comments?post=38406"}],"wp:featuredmedia":[{"embeddable":true,"href":"https:\/\/amgpromocionales.mx\/en\/wp-json\/wp\/v2\/media\/26366"}],"wp:attachment":[{"href":"https:\/\/amgpromocionales.mx\/en\/wp-json\/wp\/v2\/media?parent=38406"}],"wp:term":[{"taxonomy":"product_brand","embeddable":true,"href":"https:\/\/amgpromocionales.mx\/en\/wp-json\/wp\/v2\/genre?post=38406"},{"taxonomy":"product_cat","embeddable":true,"href":"https:\/\/amgpromocionales.mx\/en\/wp-json\/wp\/v2\/product_cat?post=38406"},{"taxonomy":"product_tag","embeddable":true,"href":"https:\/\/amgpromocionales.mx\/en\/wp-json\/wp\/v2\/product_tag?post=38406"}],"curies":[{"name":"wp","href":"https:\/\/api.w.org\/{rel}","templated":true}]}}