{"id":38401,"date":"2025-01-12T23:35:39","date_gmt":"2025-01-13T05:35:39","guid":{"rendered":"https:\/\/amgpromocionales.com.mx\/?post_type=product&#038;p=38401"},"modified":"2025-01-20T23:49:58","modified_gmt":"2025-01-21T05:49:58","slug":"cafetera-a2554","status":"publish","type":"product","link":"https:\/\/amgpromocionales.mx\/en\/shop\/cafetera-a2554\/","title":{"rendered":"CAFETERA A2554"},"content":{"rendered":"<p>Cafetera de cristal tipo franc\u00e9s con base de pl\u00e1stico, que se puede separar del recipiente de cristal y filtro de acero inoxidable. Ideal para preparar infusiones y caf\u00e9. Cap. 800 ml. Presentaci\u00f3n: caja en color blanco.<\/p>","protected":false},"excerpt":{"rendered":"<p>Cafetera de cristal tipo franc\u00e9s con base de pl\u00e1stico, que se puede separar del recipiente de cristal y filtro de acero inoxidable. Ideal para preparar infusiones y caf\u00e9. Cap. 800 ml. Presentaci\u00f3n: caja en color blanco.<\/p>","protected":false},"featured_media":22248,"comment_status":"closed","ping_status":"closed","template":"","meta":[],"genre":[],"product_cat":[296,394],"product_tag":[],"class_list":{"0":"post-38401","1":"product","2":"type-product","3":"status-publish","4":"has-post-thumbnail","6":"product_cat-accesorios-de-cocina","7":"product_cat-ver-todo-hogar","9":"first","10":"instock","11":"shipping-taxable","12":"purchasable","13":"product-type-simple"},"_links":{"self":[{"href":"https:\/\/amgpromocionales.mx\/en\/wp-json\/wp\/v2\/product\/38401","targetHints":{"allow":["GET"]}}],"collection":[{"href":"https:\/\/amgpromocionales.mx\/en\/wp-json\/wp\/v2\/product"}],"about":[{"href":"https:\/\/amgpromocionales.mx\/en\/wp-json\/wp\/v2\/types\/product"}],"replies":[{"embeddable":true,"href":"https:\/\/amgpromocionales.mx\/en\/wp-json\/wp\/v2\/comments?post=38401"}],"wp:featuredmedia":[{"embeddable":true,"href":"https:\/\/amgpromocionales.mx\/en\/wp-json\/wp\/v2\/media\/22248"}],"wp:attachment":[{"href":"https:\/\/amgpromocionales.mx\/en\/wp-json\/wp\/v2\/media?parent=38401"}],"wp:term":[{"taxonomy":"product_brand","embeddable":true,"href":"https:\/\/amgpromocionales.mx\/en\/wp-json\/wp\/v2\/genre?post=38401"},{"taxonomy":"product_cat","embeddable":true,"href":"https:\/\/amgpromocionales.mx\/en\/wp-json\/wp\/v2\/product_cat?post=38401"},{"taxonomy":"product_tag","embeddable":true,"href":"https:\/\/amgpromocionales.mx\/en\/wp-json\/wp\/v2\/product_tag?post=38401"}],"curies":[{"name":"wp","href":"https:\/\/api.w.org\/{rel}","templated":true}]}}