{"id":38397,"date":"2025-01-12T23:35:38","date_gmt":"2025-01-13T05:35:38","guid":{"rendered":"https:\/\/amgpromocionales.com.mx\/?post_type=product&#038;p=38397"},"modified":"2025-01-21T00:27:29","modified_gmt":"2025-01-21T06:27:29","slug":"bateria-a2552","status":"publish","type":"product","link":"https:\/\/amgpromocionales.mx\/en\/shop\/bateria-a2552\/","title":{"rendered":"BATER\u00cdA A2552"},"content":{"rendered":"<p>Bater\u00eda de carga port\u00e1til de capacidad 2500 mAh para dispositivos m\u00f3viles. Incluye adaptador para iPhone y cable para carga. Presentaci\u00f3n: caja en color blanco.<\/p>","protected":false},"excerpt":{"rendered":"<p>Bater\u00eda de carga port\u00e1til de capacidad 2500 mAh para dispositivos m\u00f3viles. Incluye adaptador para iPhone y cable para carga. Presentaci\u00f3n: caja en color blanco.<\/p>","protected":false},"featured_media":26347,"comment_status":"closed","ping_status":"closed","template":"","meta":[],"genre":[],"product_cat":[321,398],"product_tag":[],"class_list":{"0":"post-38397","1":"product","2":"type-product","3":"status-publish","4":"has-post-thumbnail","6":"product_cat-power-banks","7":"product_cat-ver-todo-tecnologia","9":"first","10":"instock","11":"shipping-taxable","12":"purchasable","13":"product-type-simple"},"_links":{"self":[{"href":"https:\/\/amgpromocionales.mx\/en\/wp-json\/wp\/v2\/product\/38397","targetHints":{"allow":["GET"]}}],"collection":[{"href":"https:\/\/amgpromocionales.mx\/en\/wp-json\/wp\/v2\/product"}],"about":[{"href":"https:\/\/amgpromocionales.mx\/en\/wp-json\/wp\/v2\/types\/product"}],"replies":[{"embeddable":true,"href":"https:\/\/amgpromocionales.mx\/en\/wp-json\/wp\/v2\/comments?post=38397"}],"wp:featuredmedia":[{"embeddable":true,"href":"https:\/\/amgpromocionales.mx\/en\/wp-json\/wp\/v2\/media\/26347"}],"wp:attachment":[{"href":"https:\/\/amgpromocionales.mx\/en\/wp-json\/wp\/v2\/media?parent=38397"}],"wp:term":[{"taxonomy":"product_brand","embeddable":true,"href":"https:\/\/amgpromocionales.mx\/en\/wp-json\/wp\/v2\/genre?post=38397"},{"taxonomy":"product_cat","embeddable":true,"href":"https:\/\/amgpromocionales.mx\/en\/wp-json\/wp\/v2\/product_cat?post=38397"},{"taxonomy":"product_tag","embeddable":true,"href":"https:\/\/amgpromocionales.mx\/en\/wp-json\/wp\/v2\/product_tag?post=38397"}],"curies":[{"name":"wp","href":"https:\/\/api.w.org\/{rel}","templated":true}]}}