{"id":38389,"date":"2025-01-12T23:35:36","date_gmt":"2025-01-13T05:35:36","guid":{"rendered":"https:\/\/amgpromocionales.com.mx\/?post_type=product&#038;p=38389"},"modified":"2025-01-21T00:50:25","modified_gmt":"2025-01-21T06:50:25","slug":"paraguas-a2549","status":"publish","type":"product","link":"https:\/\/amgpromocionales.mx\/en\/shop\/paraguas-a2549\/","title":{"rendered":"PARAGUAS A2549"},"content":{"rendered":"<p>Paraguas de bolsillo antiviento con bot\u00f3n de apertura y cierre autom\u00e1tico, varillas de fibra de vidrio y aluminio, eje de metal, mango de EVA y correa de poli\u00e9ster. 8 gajos. Incluye funda.<\/p>","protected":false},"excerpt":{"rendered":"<p>Paraguas de bolsillo antiviento con bot\u00f3n de apertura y cierre autom\u00e1tico, varillas de fibra de vidrio y aluminio, eje de metal, mango de EVA y correa de poli\u00e9ster. 8 gajos. Incluye funda.<\/p>","protected":false},"featured_media":27546,"comment_status":"closed","ping_status":"closed","template":"","meta":[],"genre":[],"product_cat":[367,399],"product_tag":[],"class_list":{"0":"post-38389","1":"product","2":"type-product","3":"status-publish","4":"has-post-thumbnail","6":"product_cat-paraguas-e-impermeables","7":"product_cat-ver-todo-textiles","9":"first","10":"instock","11":"shipping-taxable","12":"purchasable","13":"product-type-variable"},"_links":{"self":[{"href":"https:\/\/amgpromocionales.mx\/en\/wp-json\/wp\/v2\/product\/38389","targetHints":{"allow":["GET"]}}],"collection":[{"href":"https:\/\/amgpromocionales.mx\/en\/wp-json\/wp\/v2\/product"}],"about":[{"href":"https:\/\/amgpromocionales.mx\/en\/wp-json\/wp\/v2\/types\/product"}],"replies":[{"embeddable":true,"href":"https:\/\/amgpromocionales.mx\/en\/wp-json\/wp\/v2\/comments?post=38389"}],"wp:featuredmedia":[{"embeddable":true,"href":"https:\/\/amgpromocionales.mx\/en\/wp-json\/wp\/v2\/media\/27546"}],"wp:attachment":[{"href":"https:\/\/amgpromocionales.mx\/en\/wp-json\/wp\/v2\/media?parent=38389"}],"wp:term":[{"taxonomy":"product_brand","embeddable":true,"href":"https:\/\/amgpromocionales.mx\/en\/wp-json\/wp\/v2\/genre?post=38389"},{"taxonomy":"product_cat","embeddable":true,"href":"https:\/\/amgpromocionales.mx\/en\/wp-json\/wp\/v2\/product_cat?post=38389"},{"taxonomy":"product_tag","embeddable":true,"href":"https:\/\/amgpromocionales.mx\/en\/wp-json\/wp\/v2\/product_tag?post=38389"}],"curies":[{"name":"wp","href":"https:\/\/api.w.org\/{rel}","templated":true}]}}