{"id":38352,"date":"2025-01-12T23:35:08","date_gmt":"2025-01-13T05:35:08","guid":{"rendered":"https:\/\/amgpromocionales.com.mx\/?post_type=product&#038;p=38352"},"modified":"2025-01-20T23:30:02","modified_gmt":"2025-01-21T05:30:02","slug":"set-a2538","status":"publish","type":"product","link":"https:\/\/amgpromocionales.mx\/en\/shop\/set-a2538\/","title":{"rendered":"SET A2538"},"content":{"rendered":"<p>Set de bol\u00edgrafos metalicos. Un bol\u00edgrafo de punto fino tipo roller con tapa y otro bol\u00edgrafo con mecanismo retr\u00e1ctil con clip met\u00e1lico. Presentaci\u00f3n: caja en color negro.<\/p>","protected":false},"excerpt":{"rendered":"<p>Set de bol\u00edgrafos metalicos. Un bol\u00edgrafo de punto fino tipo roller con tapa y otro bol\u00edgrafo con mecanismo retr\u00e1ctil con clip met\u00e1lico. Presentaci\u00f3n: caja en color negro.<\/p>","protected":false},"featured_media":21387,"comment_status":"closed","ping_status":"closed","template":"","meta":[],"genre":[],"product_cat":[265,392],"product_tag":[],"class_list":{"0":"post-38352","1":"product","2":"type-product","3":"status-publish","4":"has-post-thumbnail","6":"product_cat-boligrafos-metalicos","7":"product_cat-ver-todo-boligrafos-y-lapices","9":"first","10":"instock","11":"shipping-taxable","12":"purchasable","13":"product-type-variable"},"_links":{"self":[{"href":"https:\/\/amgpromocionales.mx\/en\/wp-json\/wp\/v2\/product\/38352","targetHints":{"allow":["GET"]}}],"collection":[{"href":"https:\/\/amgpromocionales.mx\/en\/wp-json\/wp\/v2\/product"}],"about":[{"href":"https:\/\/amgpromocionales.mx\/en\/wp-json\/wp\/v2\/types\/product"}],"replies":[{"embeddable":true,"href":"https:\/\/amgpromocionales.mx\/en\/wp-json\/wp\/v2\/comments?post=38352"}],"wp:featuredmedia":[{"embeddable":true,"href":"https:\/\/amgpromocionales.mx\/en\/wp-json\/wp\/v2\/media\/21387"}],"wp:attachment":[{"href":"https:\/\/amgpromocionales.mx\/en\/wp-json\/wp\/v2\/media?parent=38352"}],"wp:term":[{"taxonomy":"product_brand","embeddable":true,"href":"https:\/\/amgpromocionales.mx\/en\/wp-json\/wp\/v2\/genre?post=38352"},{"taxonomy":"product_cat","embeddable":true,"href":"https:\/\/amgpromocionales.mx\/en\/wp-json\/wp\/v2\/product_cat?post=38352"},{"taxonomy":"product_tag","embeddable":true,"href":"https:\/\/amgpromocionales.mx\/en\/wp-json\/wp\/v2\/product_tag?post=38352"}],"curies":[{"name":"wp","href":"https:\/\/api.w.org\/{rel}","templated":true}]}}