{"id":38311,"date":"2025-01-12T23:34:29","date_gmt":"2025-01-13T05:34:29","guid":{"rendered":"https:\/\/amgpromocionales.com.mx\/?post_type=product&#038;p=38311"},"modified":"2025-01-20T23:07:51","modified_gmt":"2025-01-21T05:07:51","slug":"termo-a2524","status":"publish","type":"product","link":"https:\/\/amgpromocionales.mx\/en\/shop\/termo-a2524\/","title":{"rendered":"TERMO A2524"},"content":{"rendered":"<p>Termo de acero inoxidable con interior de pl\u00e1stico. Cuenta con tapa de cierre a presi\u00f3n y seguro deslizable al color del interior. Dise\u00f1o poligonal. CAP. 350 ml.<\/p>","protected":false},"excerpt":{"rendered":"<p>Termo de acero inoxidable con interior de pl\u00e1stico. Cuenta con tapa de cierre a presi\u00f3n y seguro deslizable al color del interior. Dise\u00f1o poligonal. CAP. 350 ml.<\/p>","protected":false},"featured_media":20254,"comment_status":"closed","ping_status":"closed","template":"","meta":[],"genre":[],"product_cat":[323,391],"product_tag":[],"class_list":{"0":"post-38311","1":"product","2":"type-product","3":"status-publish","4":"has-post-thumbnail","6":"product_cat-termos","7":"product_cat-ver-todo-bebidas","9":"first","10":"instock","11":"shipping-taxable","12":"purchasable","13":"product-type-variable"},"_links":{"self":[{"href":"https:\/\/amgpromocionales.mx\/en\/wp-json\/wp\/v2\/product\/38311","targetHints":{"allow":["GET"]}}],"collection":[{"href":"https:\/\/amgpromocionales.mx\/en\/wp-json\/wp\/v2\/product"}],"about":[{"href":"https:\/\/amgpromocionales.mx\/en\/wp-json\/wp\/v2\/types\/product"}],"replies":[{"embeddable":true,"href":"https:\/\/amgpromocionales.mx\/en\/wp-json\/wp\/v2\/comments?post=38311"}],"wp:featuredmedia":[{"embeddable":true,"href":"https:\/\/amgpromocionales.mx\/en\/wp-json\/wp\/v2\/media\/20254"}],"wp:attachment":[{"href":"https:\/\/amgpromocionales.mx\/en\/wp-json\/wp\/v2\/media?parent=38311"}],"wp:term":[{"taxonomy":"product_brand","embeddable":true,"href":"https:\/\/amgpromocionales.mx\/en\/wp-json\/wp\/v2\/genre?post=38311"},{"taxonomy":"product_cat","embeddable":true,"href":"https:\/\/amgpromocionales.mx\/en\/wp-json\/wp\/v2\/product_cat?post=38311"},{"taxonomy":"product_tag","embeddable":true,"href":"https:\/\/amgpromocionales.mx\/en\/wp-json\/wp\/v2\/product_tag?post=38311"}],"curies":[{"name":"wp","href":"https:\/\/api.w.org\/{rel}","templated":true}]}}