{"id":38297,"date":"2025-01-12T23:33:58","date_gmt":"2025-01-13T05:33:58","guid":{"rendered":"https:\/\/amgpromocionales.com.mx\/?post_type=product&#038;p=38297"},"modified":"2025-01-21T00:20:08","modified_gmt":"2025-01-21T06:20:08","slug":"audifonos-a2514","status":"publish","type":"product","link":"https:\/\/amgpromocionales.mx\/en\/shop\/audifonos-a2514\/","title":{"rendered":"AUD\u00cdFONOS A2514"},"content":{"rendered":"<p>Aud\u00edfonos bluetooth con reproductor de audio y manos libres. Cuenta con dispositivo encendido\/apagado, controlador de volumen, bot\u00f3n multifunci\u00f3n para adelantar y retroceder pista, contestar llamadas y marcar la \u00faltima llamada de salida. Presentaci\u00f3n: estuche con cierre al color de los aud\u00edfonos.<\/p>","protected":false},"excerpt":{"rendered":"<p>Aud\u00edfonos bluetooth con reproductor de audio y manos libres. Cuenta con dispositivo encendido\/apagado, controlador de volumen, bot\u00f3n multifunci\u00f3n para adelantar y retroceder pista, contestar llamadas y marcar la \u00faltima llamada de salida. Presentaci\u00f3n: estuche con cierre al color de los aud\u00edfonos.<\/p>","protected":false},"featured_media":26341,"comment_status":"closed","ping_status":"closed","template":"","meta":[],"genre":[],"product_cat":[320,398],"product_tag":[],"class_list":{"0":"post-38297","1":"product","2":"type-product","3":"status-publish","4":"has-post-thumbnail","6":"product_cat-audifonos","7":"product_cat-ver-todo-tecnologia","9":"first","10":"instock","11":"shipping-taxable","12":"purchasable","13":"product-type-variable"},"_links":{"self":[{"href":"https:\/\/amgpromocionales.mx\/en\/wp-json\/wp\/v2\/product\/38297","targetHints":{"allow":["GET"]}}],"collection":[{"href":"https:\/\/amgpromocionales.mx\/en\/wp-json\/wp\/v2\/product"}],"about":[{"href":"https:\/\/amgpromocionales.mx\/en\/wp-json\/wp\/v2\/types\/product"}],"replies":[{"embeddable":true,"href":"https:\/\/amgpromocionales.mx\/en\/wp-json\/wp\/v2\/comments?post=38297"}],"wp:featuredmedia":[{"embeddable":true,"href":"https:\/\/amgpromocionales.mx\/en\/wp-json\/wp\/v2\/media\/26341"}],"wp:attachment":[{"href":"https:\/\/amgpromocionales.mx\/en\/wp-json\/wp\/v2\/media?parent=38297"}],"wp:term":[{"taxonomy":"product_brand","embeddable":true,"href":"https:\/\/amgpromocionales.mx\/en\/wp-json\/wp\/v2\/genre?post=38297"},{"taxonomy":"product_cat","embeddable":true,"href":"https:\/\/amgpromocionales.mx\/en\/wp-json\/wp\/v2\/product_cat?post=38297"},{"taxonomy":"product_tag","embeddable":true,"href":"https:\/\/amgpromocionales.mx\/en\/wp-json\/wp\/v2\/product_tag?post=38297"}],"curies":[{"name":"wp","href":"https:\/\/api.w.org\/{rel}","templated":true}]}}