{"id":38293,"date":"2025-01-12T23:33:36","date_gmt":"2025-01-13T05:33:36","guid":{"rendered":"https:\/\/amgpromocionales.com.mx\/?post_type=product&#038;p=38293"},"modified":"2025-01-21T00:20:08","modified_gmt":"2025-01-21T06:20:08","slug":"audifonos-a2513","status":"publish","type":"product","link":"https:\/\/amgpromocionales.mx\/en\/shop\/audifonos-a2513\/","title":{"rendered":"AUD\u00cdFONOS A2513"},"content":{"rendered":"<p>Aud\u00edfonos bluetooth con reproductor de audio y manos libres. Entrada micro USB. Reproduce m\u00fasica y permite recibir llamadas hasta por 6 hrs. continuas. La diadema es ajustable, los auriculares tienen gran movilidad para adaptarse c\u00f3modamente y disponen de almohadillas protectoras acolchadas. Incluye cable USB y auxiliar. Cuenta con dos tapas auto adheribles para impresi\u00f3n de logotipos que se colocan en los auriculares. Presentaci\u00f3n: caja en color blanco.<\/p>","protected":false},"excerpt":{"rendered":"<p>Aud\u00edfonos bluetooth con reproductor de audio y manos libres. Entrada micro USB. Reproduce m\u00fasica y permite recibir llamadas hasta por 6 hrs. continuas. La diadema es ajustable, los auriculares tienen gran movilidad para adaptarse c\u00f3modamente y disponen de almohadillas protectoras acolchadas. Incluye cable USB y auxiliar. Cuenta con dos tapas auto adheribles para impresi\u00f3n de [&hellip;]<\/p>","protected":false},"featured_media":26329,"comment_status":"closed","ping_status":"closed","template":"","meta":[],"genre":[],"product_cat":[320,398],"product_tag":[],"class_list":{"0":"post-38293","1":"product","2":"type-product","3":"status-publish","4":"has-post-thumbnail","6":"product_cat-audifonos","7":"product_cat-ver-todo-tecnologia","9":"first","10":"instock","11":"shipping-taxable","12":"purchasable","13":"product-type-variable"},"_links":{"self":[{"href":"https:\/\/amgpromocionales.mx\/en\/wp-json\/wp\/v2\/product\/38293","targetHints":{"allow":["GET"]}}],"collection":[{"href":"https:\/\/amgpromocionales.mx\/en\/wp-json\/wp\/v2\/product"}],"about":[{"href":"https:\/\/amgpromocionales.mx\/en\/wp-json\/wp\/v2\/types\/product"}],"replies":[{"embeddable":true,"href":"https:\/\/amgpromocionales.mx\/en\/wp-json\/wp\/v2\/comments?post=38293"}],"wp:featuredmedia":[{"embeddable":true,"href":"https:\/\/amgpromocionales.mx\/en\/wp-json\/wp\/v2\/media\/26329"}],"wp:attachment":[{"href":"https:\/\/amgpromocionales.mx\/en\/wp-json\/wp\/v2\/media?parent=38293"}],"wp:term":[{"taxonomy":"product_brand","embeddable":true,"href":"https:\/\/amgpromocionales.mx\/en\/wp-json\/wp\/v2\/genre?post=38293"},{"taxonomy":"product_cat","embeddable":true,"href":"https:\/\/amgpromocionales.mx\/en\/wp-json\/wp\/v2\/product_cat?post=38293"},{"taxonomy":"product_tag","embeddable":true,"href":"https:\/\/amgpromocionales.mx\/en\/wp-json\/wp\/v2\/product_tag?post=38293"}],"curies":[{"name":"wp","href":"https:\/\/api.w.org\/{rel}","templated":true}]}}