{"id":38292,"date":"2025-01-12T23:33:35","date_gmt":"2025-01-13T05:33:35","guid":{"rendered":"https:\/\/amgpromocionales.com.mx\/?post_type=product&#038;p=38292"},"modified":"2025-01-20T23:49:59","modified_gmt":"2025-01-21T05:49:59","slug":"juego-a2512","status":"publish","type":"product","link":"https:\/\/amgpromocionales.mx\/en\/shop\/juego-a2512\/","title":{"rendered":"JUEGO A2512"},"content":{"rendered":"<p>Juego de utensilios para cortar queso o carnes fr\u00edas con mango y base de madera. Incluye: cuchillo, esp\u00e1tula y tenedor de acero inoxidable. Presentaci\u00f3n: caja en color blanco.<\/p>","protected":false},"excerpt":{"rendered":"<p>Juego de utensilios para cortar queso o carnes fr\u00edas con mango y base de madera. Incluye: cuchillo, esp\u00e1tula y tenedor de acero inoxidable. Presentaci\u00f3n: caja en color blanco.<\/p>","protected":false},"featured_media":22014,"comment_status":"closed","ping_status":"closed","template":"","meta":[],"genre":[],"product_cat":[296,394],"product_tag":[],"class_list":{"0":"post-38292","1":"product","2":"type-product","3":"status-publish","4":"has-post-thumbnail","6":"product_cat-accesorios-de-cocina","7":"product_cat-ver-todo-hogar","9":"first","10":"instock","11":"shipping-taxable","12":"purchasable","13":"product-type-simple"},"_links":{"self":[{"href":"https:\/\/amgpromocionales.mx\/en\/wp-json\/wp\/v2\/product\/38292","targetHints":{"allow":["GET"]}}],"collection":[{"href":"https:\/\/amgpromocionales.mx\/en\/wp-json\/wp\/v2\/product"}],"about":[{"href":"https:\/\/amgpromocionales.mx\/en\/wp-json\/wp\/v2\/types\/product"}],"replies":[{"embeddable":true,"href":"https:\/\/amgpromocionales.mx\/en\/wp-json\/wp\/v2\/comments?post=38292"}],"wp:featuredmedia":[{"embeddable":true,"href":"https:\/\/amgpromocionales.mx\/en\/wp-json\/wp\/v2\/media\/22014"}],"wp:attachment":[{"href":"https:\/\/amgpromocionales.mx\/en\/wp-json\/wp\/v2\/media?parent=38292"}],"wp:term":[{"taxonomy":"product_brand","embeddable":true,"href":"https:\/\/amgpromocionales.mx\/en\/wp-json\/wp\/v2\/genre?post=38292"},{"taxonomy":"product_cat","embeddable":true,"href":"https:\/\/amgpromocionales.mx\/en\/wp-json\/wp\/v2\/product_cat?post=38292"},{"taxonomy":"product_tag","embeddable":true,"href":"https:\/\/amgpromocionales.mx\/en\/wp-json\/wp\/v2\/product_tag?post=38292"}],"curies":[{"name":"wp","href":"https:\/\/api.w.org\/{rel}","templated":true}]}}