{"id":37514,"date":"2025-01-12T22:42:09","date_gmt":"2025-01-13T04:42:09","guid":{"rendered":"https:\/\/amgpromocionales.com.mx\/?post_type=product&#038;p=37514"},"modified":"2025-01-20T23:23:23","modified_gmt":"2025-01-21T05:23:23","slug":"cilindro-a2469","status":"publish","type":"product","link":"https:\/\/amgpromocionales.mx\/en\/shop\/cilindro-a2469\/","title":{"rendered":"CILINDRO A2469"},"content":{"rendered":"<p>Cilindro de vidrio borosilicato de mayor resistencia ante el calor y el fr\u00edo. Tapa de rosca con asa que se retira y  protector de silic\u00f3n. Protege el sabor de las bebidas. CAP. 550 ml. Presentaci\u00f3n: caja color blanco.<\/p>","protected":false},"excerpt":{"rendered":"<p>Cilindro de vidrio borosilicato de mayor resistencia ante el calor y el fr\u00edo. Tapa de rosca con asa que se retira y protector de silic\u00f3n. Protege el sabor de las bebidas. CAP. 550 ml. Presentaci\u00f3n: caja color blanco.<\/p>","protected":false},"featured_media":20204,"comment_status":"closed","ping_status":"closed","template":"","meta":[],"genre":[],"product_cat":[324,391],"product_tag":[],"class_list":{"0":"post-37514","1":"product","2":"type-product","3":"status-publish","4":"has-post-thumbnail","6":"product_cat-cilindros-y-vasos-bebidas","7":"product_cat-ver-todo-bebidas","9":"first","10":"instock","11":"shipping-taxable","12":"purchasable","13":"product-type-variable"},"_links":{"self":[{"href":"https:\/\/amgpromocionales.mx\/en\/wp-json\/wp\/v2\/product\/37514","targetHints":{"allow":["GET"]}}],"collection":[{"href":"https:\/\/amgpromocionales.mx\/en\/wp-json\/wp\/v2\/product"}],"about":[{"href":"https:\/\/amgpromocionales.mx\/en\/wp-json\/wp\/v2\/types\/product"}],"replies":[{"embeddable":true,"href":"https:\/\/amgpromocionales.mx\/en\/wp-json\/wp\/v2\/comments?post=37514"}],"wp:featuredmedia":[{"embeddable":true,"href":"https:\/\/amgpromocionales.mx\/en\/wp-json\/wp\/v2\/media\/20204"}],"wp:attachment":[{"href":"https:\/\/amgpromocionales.mx\/en\/wp-json\/wp\/v2\/media?parent=37514"}],"wp:term":[{"taxonomy":"product_brand","embeddable":true,"href":"https:\/\/amgpromocionales.mx\/en\/wp-json\/wp\/v2\/genre?post=37514"},{"taxonomy":"product_cat","embeddable":true,"href":"https:\/\/amgpromocionales.mx\/en\/wp-json\/wp\/v2\/product_cat?post=37514"},{"taxonomy":"product_tag","embeddable":true,"href":"https:\/\/amgpromocionales.mx\/en\/wp-json\/wp\/v2\/product_tag?post=37514"}],"curies":[{"name":"wp","href":"https:\/\/api.w.org\/{rel}","templated":true}]}}