{"id":37503,"date":"2025-01-12T22:41:52","date_gmt":"2025-01-13T04:41:52","guid":{"rendered":"https:\/\/amgpromocionales.com.mx\/?post_type=product&#038;p=37503"},"modified":"2025-01-21T00:25:53","modified_gmt":"2025-01-21T06:25:53","slug":"soporte-a2448","status":"publish","type":"product","link":"https:\/\/amgpromocionales.mx\/en\/shop\/soporte-a2448\/","title":{"rendered":"SOPORTE A2448"},"content":{"rendered":"<p>Soporte porta celular con base plegable y \u00e1rea de agarre para sostener el tel\u00e9fono. Cuenta con un fuerte adhesivo para sujetarse al celular. Se adapta a la mayor\u00eda de tel\u00e9fonos con respaldo plano y en superficies lisas. Al extender la base plegable, se puede guardar f\u00e1cilmente.<\/p>","protected":false},"excerpt":{"rendered":"<p>Soporte porta celular con base plegable y \u00e1rea de agarre para sostener el tel\u00e9fono. Cuenta con un fuerte adhesivo para sujetarse al celular. Se adapta a la mayor\u00eda de tel\u00e9fonos con respaldo plano y en superficies lisas. Al extender la base plegable, se puede guardar f\u00e1cilmente.<\/p>","protected":false},"featured_media":26224,"comment_status":"closed","ping_status":"closed","template":"","meta":[],"genre":[],"product_cat":[322,398],"product_tag":[],"class_list":{"0":"post-37503","1":"product","2":"type-product","3":"status-publish","4":"has-post-thumbnail","6":"product_cat-cargadores-y-accesorios","7":"product_cat-ver-todo-tecnologia","9":"first","10":"instock","11":"shipping-taxable","12":"purchasable","13":"product-type-variable"},"_links":{"self":[{"href":"https:\/\/amgpromocionales.mx\/en\/wp-json\/wp\/v2\/product\/37503","targetHints":{"allow":["GET"]}}],"collection":[{"href":"https:\/\/amgpromocionales.mx\/en\/wp-json\/wp\/v2\/product"}],"about":[{"href":"https:\/\/amgpromocionales.mx\/en\/wp-json\/wp\/v2\/types\/product"}],"replies":[{"embeddable":true,"href":"https:\/\/amgpromocionales.mx\/en\/wp-json\/wp\/v2\/comments?post=37503"}],"wp:featuredmedia":[{"embeddable":true,"href":"https:\/\/amgpromocionales.mx\/en\/wp-json\/wp\/v2\/media\/26224"}],"wp:attachment":[{"href":"https:\/\/amgpromocionales.mx\/en\/wp-json\/wp\/v2\/media?parent=37503"}],"wp:term":[{"taxonomy":"product_brand","embeddable":true,"href":"https:\/\/amgpromocionales.mx\/en\/wp-json\/wp\/v2\/genre?post=37503"},{"taxonomy":"product_cat","embeddable":true,"href":"https:\/\/amgpromocionales.mx\/en\/wp-json\/wp\/v2\/product_cat?post=37503"},{"taxonomy":"product_tag","embeddable":true,"href":"https:\/\/amgpromocionales.mx\/en\/wp-json\/wp\/v2\/product_tag?post=37503"}],"curies":[{"name":"wp","href":"https:\/\/api.w.org\/{rel}","templated":true}]}}