{"id":37502,"date":"2025-01-12T22:41:52","date_gmt":"2025-01-13T04:41:52","guid":{"rendered":"https:\/\/amgpromocionales.com.mx\/?post_type=product&#038;p=37502"},"modified":"2025-01-20T23:35:46","modified_gmt":"2025-01-21T05:35:46","slug":"marcador-a2447","status":"publish","type":"product","link":"https:\/\/amgpromocionales.mx\/en\/shop\/marcador-a2447\/","title":{"rendered":"MARCADOR A2447"},"content":{"rendered":"<p>Marcador de pl\u00e1stico fosforescente de pr\u00e1ctico dise\u00f1o, con tapa y cuerpo que indican el color de la tinta.<\/p>","protected":false},"excerpt":{"rendered":"<p>Marcador de pl\u00e1stico fosforescente de pr\u00e1ctico dise\u00f1o, con tapa y cuerpo que indican el color de la tinta.<\/p>","protected":false},"featured_media":21381,"comment_status":"closed","ping_status":"closed","template":"","meta":[],"genre":[],"product_cat":[266,392],"product_tag":[],"class_list":{"0":"post-37502","1":"product","2":"type-product","3":"status-publish","4":"has-post-thumbnail","6":"product_cat-boligrafos-plasticos","7":"product_cat-ver-todo-boligrafos-y-lapices","9":"first","10":"instock","11":"shipping-taxable","12":"purchasable","13":"product-type-variable"},"_links":{"self":[{"href":"https:\/\/amgpromocionales.mx\/en\/wp-json\/wp\/v2\/product\/37502","targetHints":{"allow":["GET"]}}],"collection":[{"href":"https:\/\/amgpromocionales.mx\/en\/wp-json\/wp\/v2\/product"}],"about":[{"href":"https:\/\/amgpromocionales.mx\/en\/wp-json\/wp\/v2\/types\/product"}],"replies":[{"embeddable":true,"href":"https:\/\/amgpromocionales.mx\/en\/wp-json\/wp\/v2\/comments?post=37502"}],"wp:featuredmedia":[{"embeddable":true,"href":"https:\/\/amgpromocionales.mx\/en\/wp-json\/wp\/v2\/media\/21381"}],"wp:attachment":[{"href":"https:\/\/amgpromocionales.mx\/en\/wp-json\/wp\/v2\/media?parent=37502"}],"wp:term":[{"taxonomy":"product_brand","embeddable":true,"href":"https:\/\/amgpromocionales.mx\/en\/wp-json\/wp\/v2\/genre?post=37502"},{"taxonomy":"product_cat","embeddable":true,"href":"https:\/\/amgpromocionales.mx\/en\/wp-json\/wp\/v2\/product_cat?post=37502"},{"taxonomy":"product_tag","embeddable":true,"href":"https:\/\/amgpromocionales.mx\/en\/wp-json\/wp\/v2\/product_tag?post=37502"}],"curies":[{"name":"wp","href":"https:\/\/api.w.org\/{rel}","templated":true}]}}