{"id":37490,"date":"2025-01-12T22:41:36","date_gmt":"2025-01-13T04:41:36","guid":{"rendered":"https:\/\/amgpromocionales.com.mx\/?post_type=product&#038;p=37490"},"modified":"2025-01-21T00:22:21","modified_gmt":"2025-01-21T06:22:21","slug":"bocina-a2431","status":"publish","type":"product","link":"https:\/\/amgpromocionales.mx\/en\/shop\/bocina-a2431\/","title":{"rendered":"BOCINA A2431"},"content":{"rendered":"<p>Bocina bluetooth con power bank. Cuenta con cargador port\u00e1til m\u00f3vil para tel\u00e9fono y otros dispositivos digitales, manos libres, entrada para tarjeta micro SD y reproductor de audio MP3, cable USB, tarjeta de audio incorporada que proporciona entrada ISDN (red digital de servicios integrados) y entrada de audio AUX. Reproduce autom\u00e1ticamente desde el punto de interrupci\u00f3n y cuenta con tecnolog\u00eda r\u00e1pida para cargar. Presentaci\u00f3n: caja en color blanco.<\/p>","protected":false},"excerpt":{"rendered":"<p>Bocina bluetooth con power bank. Cuenta con cargador port\u00e1til m\u00f3vil para tel\u00e9fono y otros dispositivos digitales, manos libres, entrada para tarjeta micro SD y reproductor de audio MP3, cable USB, tarjeta de audio incorporada que proporciona entrada ISDN (red digital de servicios integrados) y entrada de audio AUX. Reproduce autom\u00e1ticamente desde el punto de interrupci\u00f3n [&hellip;]<\/p>","protected":false},"featured_media":26194,"comment_status":"closed","ping_status":"closed","template":"","meta":[],"genre":[],"product_cat":[319,398],"product_tag":[],"class_list":{"0":"post-37490","1":"product","2":"type-product","3":"status-publish","4":"has-post-thumbnail","6":"product_cat-bocinas","7":"product_cat-ver-todo-tecnologia","9":"first","10":"instock","11":"shipping-taxable","12":"purchasable","13":"product-type-simple"},"_links":{"self":[{"href":"https:\/\/amgpromocionales.mx\/en\/wp-json\/wp\/v2\/product\/37490","targetHints":{"allow":["GET"]}}],"collection":[{"href":"https:\/\/amgpromocionales.mx\/en\/wp-json\/wp\/v2\/product"}],"about":[{"href":"https:\/\/amgpromocionales.mx\/en\/wp-json\/wp\/v2\/types\/product"}],"replies":[{"embeddable":true,"href":"https:\/\/amgpromocionales.mx\/en\/wp-json\/wp\/v2\/comments?post=37490"}],"wp:featuredmedia":[{"embeddable":true,"href":"https:\/\/amgpromocionales.mx\/en\/wp-json\/wp\/v2\/media\/26194"}],"wp:attachment":[{"href":"https:\/\/amgpromocionales.mx\/en\/wp-json\/wp\/v2\/media?parent=37490"}],"wp:term":[{"taxonomy":"product_brand","embeddable":true,"href":"https:\/\/amgpromocionales.mx\/en\/wp-json\/wp\/v2\/genre?post=37490"},{"taxonomy":"product_cat","embeddable":true,"href":"https:\/\/amgpromocionales.mx\/en\/wp-json\/wp\/v2\/product_cat?post=37490"},{"taxonomy":"product_tag","embeddable":true,"href":"https:\/\/amgpromocionales.mx\/en\/wp-json\/wp\/v2\/product_tag?post=37490"}],"curies":[{"name":"wp","href":"https:\/\/api.w.org\/{rel}","templated":true}]}}