{"id":37488,"date":"2025-01-12T22:41:35","date_gmt":"2025-01-13T04:41:35","guid":{"rendered":"https:\/\/amgpromocionales.com.mx\/?post_type=product&#038;p=37488"},"modified":"2025-01-20T23:23:26","modified_gmt":"2025-01-21T05:23:26","slug":"vaso-a2429","status":"publish","type":"product","link":"https:\/\/amgpromocionales.mx\/en\/shop\/vaso-a2429\/","title":{"rendered":"VASO A2429"},"content":{"rendered":"<p>Vaso t\u00e9rmico y porta lata de acero inoxidable 304, con doble pared insulada al alto vac\u00edo para preservaci\u00f3n de fr\u00edo por 24 hrs. y calor por 6 hrs.  Se introduce una lata fr\u00eda con alguna bebida y  se sujeta con la tapa de rosca tipo anillo de color negro que viene incluida, lo cual permite disfrutar c\u00f3modamente el contenido. Para  bebidas calientes, cuenta con una segunda tapa de rosca color transparente.  CAP. 360 ml. Presentaci\u00f3n: caja en color blanco.<\/p>","protected":false},"excerpt":{"rendered":"<p>Vaso t\u00e9rmico y porta lata de acero inoxidable 304, con doble pared insulada al alto vac\u00edo para preservaci\u00f3n de fr\u00edo por 24 hrs. y calor por 6 hrs. Se introduce una lata fr\u00eda con alguna bebida y se sujeta con la tapa de rosca tipo anillo de color negro que viene incluida, lo cual permite [&hellip;]<\/p>","protected":false},"featured_media":20148,"comment_status":"closed","ping_status":"closed","template":"","meta":[],"genre":[],"product_cat":[324,391],"product_tag":[],"class_list":{"0":"post-37488","1":"product","2":"type-product","3":"status-publish","4":"has-post-thumbnail","6":"product_cat-cilindros-y-vasos-bebidas","7":"product_cat-ver-todo-bebidas","9":"first","10":"instock","11":"shipping-taxable","12":"purchasable","13":"product-type-variable"},"_links":{"self":[{"href":"https:\/\/amgpromocionales.mx\/en\/wp-json\/wp\/v2\/product\/37488","targetHints":{"allow":["GET"]}}],"collection":[{"href":"https:\/\/amgpromocionales.mx\/en\/wp-json\/wp\/v2\/product"}],"about":[{"href":"https:\/\/amgpromocionales.mx\/en\/wp-json\/wp\/v2\/types\/product"}],"replies":[{"embeddable":true,"href":"https:\/\/amgpromocionales.mx\/en\/wp-json\/wp\/v2\/comments?post=37488"}],"wp:featuredmedia":[{"embeddable":true,"href":"https:\/\/amgpromocionales.mx\/en\/wp-json\/wp\/v2\/media\/20148"}],"wp:attachment":[{"href":"https:\/\/amgpromocionales.mx\/en\/wp-json\/wp\/v2\/media?parent=37488"}],"wp:term":[{"taxonomy":"product_brand","embeddable":true,"href":"https:\/\/amgpromocionales.mx\/en\/wp-json\/wp\/v2\/genre?post=37488"},{"taxonomy":"product_cat","embeddable":true,"href":"https:\/\/amgpromocionales.mx\/en\/wp-json\/wp\/v2\/product_cat?post=37488"},{"taxonomy":"product_tag","embeddable":true,"href":"https:\/\/amgpromocionales.mx\/en\/wp-json\/wp\/v2\/product_tag?post=37488"}],"curies":[{"name":"wp","href":"https:\/\/api.w.org\/{rel}","templated":true}]}}