{"id":37487,"date":"2025-01-12T22:41:22","date_gmt":"2025-01-13T04:41:22","guid":{"rendered":"https:\/\/amgpromocionales.com.mx\/?post_type=product&#038;p=37487"},"modified":"2025-01-20T23:55:35","modified_gmt":"2025-01-21T05:55:35","slug":"agendario-a2428","status":"publish","type":"product","link":"https:\/\/amgpromocionales.mx\/en\/shop\/agendario-a2428\/","title":{"rendered":"AGENDARIO A2428"},"content":{"rendered":"<p>Agendario estilo cartera, de 99 hojas (198 p\u00e1ginas). Su cubierta cuenta con 4 compartimentos para credenciales, uno con ventana pl\u00e1stica; separador de doble de list\u00f3n y bol\u00edgrafo met\u00e1lico con punta touch, el cual es de mecanismo retr\u00e1ctil, del color de la libreta. Contiene: hoja de Datos personales, hojas rayadas con \u00e1rea para fecha, hojas punteadas para gr\u00e1ficos o dibujos y secci\u00f3n de directorio de contactos. Presentaci\u00f3n: caja en color blanco con cubierta transparente.<\/p>","protected":false},"excerpt":{"rendered":"<p>Agendario estilo cartera, de 99 hojas (198 p\u00e1ginas). Su cubierta cuenta con 4 compartimentos para credenciales, uno con ventana pl\u00e1stica; separador de doble de list\u00f3n y bol\u00edgrafo met\u00e1lico con punta touch, el cual es de mecanismo retr\u00e1ctil, del color de la libreta. Contiene: hoja de Datos personales, hojas rayadas con \u00e1rea para fecha, hojas punteadas [&hellip;]<\/p>","protected":false},"featured_media":24309,"comment_status":"closed","ping_status":"closed","template":"","meta":[],"genre":[],"product_cat":[263,395],"product_tag":[],"class_list":{"0":"post-37487","1":"product","2":"type-product","3":"status-publish","4":"has-post-thumbnail","6":"product_cat-agendas","7":"product_cat-ver-todo-libretas-y-agendas","9":"first","10":"instock","11":"shipping-taxable","12":"purchasable","13":"product-type-variable"},"_links":{"self":[{"href":"https:\/\/amgpromocionales.mx\/en\/wp-json\/wp\/v2\/product\/37487","targetHints":{"allow":["GET"]}}],"collection":[{"href":"https:\/\/amgpromocionales.mx\/en\/wp-json\/wp\/v2\/product"}],"about":[{"href":"https:\/\/amgpromocionales.mx\/en\/wp-json\/wp\/v2\/types\/product"}],"replies":[{"embeddable":true,"href":"https:\/\/amgpromocionales.mx\/en\/wp-json\/wp\/v2\/comments?post=37487"}],"wp:featuredmedia":[{"embeddable":true,"href":"https:\/\/amgpromocionales.mx\/en\/wp-json\/wp\/v2\/media\/24309"}],"wp:attachment":[{"href":"https:\/\/amgpromocionales.mx\/en\/wp-json\/wp\/v2\/media?parent=37487"}],"wp:term":[{"taxonomy":"product_brand","embeddable":true,"href":"https:\/\/amgpromocionales.mx\/en\/wp-json\/wp\/v2\/genre?post=37487"},{"taxonomy":"product_cat","embeddable":true,"href":"https:\/\/amgpromocionales.mx\/en\/wp-json\/wp\/v2\/product_cat?post=37487"},{"taxonomy":"product_tag","embeddable":true,"href":"https:\/\/amgpromocionales.mx\/en\/wp-json\/wp\/v2\/product_tag?post=37487"}],"curies":[{"name":"wp","href":"https:\/\/api.w.org\/{rel}","templated":true}]}}