{"id":37485,"date":"2025-01-12T22:41:20","date_gmt":"2025-01-13T04:41:20","guid":{"rendered":"https:\/\/amgpromocionales.com.mx\/?post_type=product&#038;p=37485"},"modified":"2025-01-21T00:02:42","modified_gmt":"2025-01-21T06:02:42","slug":"estuche-a2425","status":"publish","type":"product","link":"https:\/\/amgpromocionales.mx\/en\/shop\/estuche-a2425\/","title":{"rendered":"ESTUCHE A2425"},"content":{"rendered":"<p>Estuche r\u00edgido de cart\u00f3n para bol\u00edgrafos, con interior de terciopelo. Capacidad para 1 bol\u00edgrafo. No incluye bol\u00edgrafo.<\/p>","protected":false},"excerpt":{"rendered":"<p>Estuche r\u00edgido de cart\u00f3n para bol\u00edgrafos, con interior de terciopelo. Capacidad para 1 bol\u00edgrafo. No incluye bol\u00edgrafo.<\/p>","protected":false},"featured_media":21343,"comment_status":"closed","ping_status":"closed","template":"","meta":[],"genre":[],"product_cat":[375,396],"product_tag":[],"class_list":{"0":"post-37485","1":"product","2":"type-product","3":"status-publish","4":"has-post-thumbnail","6":"product_cat-cajas-bolsas-y-estuches","7":"product_cat-ver-todo-oficina","9":"first","10":"instock","11":"shipping-taxable","12":"purchasable","13":"product-type-simple"},"_links":{"self":[{"href":"https:\/\/amgpromocionales.mx\/en\/wp-json\/wp\/v2\/product\/37485","targetHints":{"allow":["GET"]}}],"collection":[{"href":"https:\/\/amgpromocionales.mx\/en\/wp-json\/wp\/v2\/product"}],"about":[{"href":"https:\/\/amgpromocionales.mx\/en\/wp-json\/wp\/v2\/types\/product"}],"replies":[{"embeddable":true,"href":"https:\/\/amgpromocionales.mx\/en\/wp-json\/wp\/v2\/comments?post=37485"}],"wp:featuredmedia":[{"embeddable":true,"href":"https:\/\/amgpromocionales.mx\/en\/wp-json\/wp\/v2\/media\/21343"}],"wp:attachment":[{"href":"https:\/\/amgpromocionales.mx\/en\/wp-json\/wp\/v2\/media?parent=37485"}],"wp:term":[{"taxonomy":"product_brand","embeddable":true,"href":"https:\/\/amgpromocionales.mx\/en\/wp-json\/wp\/v2\/genre?post=37485"},{"taxonomy":"product_cat","embeddable":true,"href":"https:\/\/amgpromocionales.mx\/en\/wp-json\/wp\/v2\/product_cat?post=37485"},{"taxonomy":"product_tag","embeddable":true,"href":"https:\/\/amgpromocionales.mx\/en\/wp-json\/wp\/v2\/product_tag?post=37485"}],"curies":[{"name":"wp","href":"https:\/\/api.w.org\/{rel}","templated":true}]}}