{"id":37478,"date":"2025-01-12T22:41:17","date_gmt":"2025-01-13T04:41:17","guid":{"rendered":"https:\/\/amgpromocionales.com.mx\/?post_type=product&#038;p=37478"},"modified":"2025-01-21T00:47:25","modified_gmt":"2025-01-21T06:47:25","slug":"maleta-a2413","status":"publish","type":"product","link":"https:\/\/amgpromocionales.mx\/en\/shop\/maleta-a2413\/","title":{"rendered":"MALETA A2413"},"content":{"rendered":"<p>Maleta deportiva, cuenta con 2 compartimentos, bolsa exterior de cierre al frente, asa central ajustable, asas laterales, cart\u00f3n grueso de soporte y bolsas laterales con resorte. Cuenta con 4 peque\u00f1os soportes de pl\u00e1stico externos en la parte de abajo, para evitar que se maltrate al colocarla en el suelo.<\/p>","protected":false},"excerpt":{"rendered":"<p>Maleta deportiva, cuenta con 2 compartimentos, bolsa exterior de cierre al frente, asa central ajustable, asas laterales, cart\u00f3n grueso de soporte y bolsas laterales con resorte. Cuenta con 4 peque\u00f1os soportes de pl\u00e1stico externos en la parte de abajo, para evitar que se maltrate al colocarla en el suelo.<\/p>","protected":false},"featured_media":26927,"comment_status":"closed","ping_status":"closed","template":"","meta":[],"genre":[],"product_cat":[376,399],"product_tag":[],"class_list":{"0":"post-37478","1":"product","2":"type-product","3":"status-publish","4":"has-post-thumbnail","6":"product_cat-mochilas-portafolios-y-maletas","7":"product_cat-ver-todo-textiles","9":"first","10":"instock","11":"shipping-taxable","12":"purchasable","13":"product-type-variable"},"_links":{"self":[{"href":"https:\/\/amgpromocionales.mx\/en\/wp-json\/wp\/v2\/product\/37478","targetHints":{"allow":["GET"]}}],"collection":[{"href":"https:\/\/amgpromocionales.mx\/en\/wp-json\/wp\/v2\/product"}],"about":[{"href":"https:\/\/amgpromocionales.mx\/en\/wp-json\/wp\/v2\/types\/product"}],"replies":[{"embeddable":true,"href":"https:\/\/amgpromocionales.mx\/en\/wp-json\/wp\/v2\/comments?post=37478"}],"wp:featuredmedia":[{"embeddable":true,"href":"https:\/\/amgpromocionales.mx\/en\/wp-json\/wp\/v2\/media\/26927"}],"wp:attachment":[{"href":"https:\/\/amgpromocionales.mx\/en\/wp-json\/wp\/v2\/media?parent=37478"}],"wp:term":[{"taxonomy":"product_brand","embeddable":true,"href":"https:\/\/amgpromocionales.mx\/en\/wp-json\/wp\/v2\/genre?post=37478"},{"taxonomy":"product_cat","embeddable":true,"href":"https:\/\/amgpromocionales.mx\/en\/wp-json\/wp\/v2\/product_cat?post=37478"},{"taxonomy":"product_tag","embeddable":true,"href":"https:\/\/amgpromocionales.mx\/en\/wp-json\/wp\/v2\/product_tag?post=37478"}],"curies":[{"name":"wp","href":"https:\/\/api.w.org\/{rel}","templated":true}]}}