{"id":37470,"date":"2025-01-12T22:41:07","date_gmt":"2025-01-13T04:41:07","guid":{"rendered":"https:\/\/amgpromocionales.com.mx\/?post_type=product&#038;p=37470"},"modified":"2025-01-21T00:04:58","modified_gmt":"2025-01-21T06:04:58","slug":"carpeta-a2404","status":"publish","type":"product","link":"https:\/\/amgpromocionales.mx\/en\/shop\/carpeta-a2404\/","title":{"rendered":"CARPETA A2404"},"content":{"rendered":"<p>Carpeta multiusos con exterior en tela, cierre y compartimento externo para guardar tablet o documentos. Cuenta con block de notas tama\u00f1o carta de 20 hojas rayadas, compartimento interior para tablet, 2 soportes ajustables para sujetar tablets y celulares, cinta el\u00e1stica para Smartphone, cinta el\u00e1stica para memorias USB u otros accesorios, compartimento con ventana pl\u00e1stica para credenciales, divisiones para tarjetas, bolsa de malla, as\u00ed como cinta el\u00e1stica para fijar bol\u00edgrafo, el cual no viene incluido.<\/p>","protected":false},"excerpt":{"rendered":"<p>Carpeta multiusos con exterior en tela, cierre y compartimento externo para guardar tablet o documentos. Cuenta con block de notas tama\u00f1o carta de 20 hojas rayadas, compartimento interior para tablet, 2 soportes ajustables para sujetar tablets y celulares, cinta el\u00e1stica para Smartphone, cinta el\u00e1stica para memorias USB u otros accesorios, compartimento con ventana pl\u00e1stica para [&hellip;]<\/p>","protected":false},"featured_media":24229,"comment_status":"closed","ping_status":"closed","template":"","meta":[],"genre":[],"product_cat":[310,396],"product_tag":[],"class_list":{"0":"post-37470","1":"product","2":"type-product","3":"status-publish","4":"has-post-thumbnail","6":"product_cat-carpetas","7":"product_cat-ver-todo-oficina","9":"first","10":"instock","11":"shipping-taxable","12":"purchasable","13":"product-type-variable"},"_links":{"self":[{"href":"https:\/\/amgpromocionales.mx\/en\/wp-json\/wp\/v2\/product\/37470","targetHints":{"allow":["GET"]}}],"collection":[{"href":"https:\/\/amgpromocionales.mx\/en\/wp-json\/wp\/v2\/product"}],"about":[{"href":"https:\/\/amgpromocionales.mx\/en\/wp-json\/wp\/v2\/types\/product"}],"replies":[{"embeddable":true,"href":"https:\/\/amgpromocionales.mx\/en\/wp-json\/wp\/v2\/comments?post=37470"}],"wp:featuredmedia":[{"embeddable":true,"href":"https:\/\/amgpromocionales.mx\/en\/wp-json\/wp\/v2\/media\/24229"}],"wp:attachment":[{"href":"https:\/\/amgpromocionales.mx\/en\/wp-json\/wp\/v2\/media?parent=37470"}],"wp:term":[{"taxonomy":"product_brand","embeddable":true,"href":"https:\/\/amgpromocionales.mx\/en\/wp-json\/wp\/v2\/genre?post=37470"},{"taxonomy":"product_cat","embeddable":true,"href":"https:\/\/amgpromocionales.mx\/en\/wp-json\/wp\/v2\/product_cat?post=37470"},{"taxonomy":"product_tag","embeddable":true,"href":"https:\/\/amgpromocionales.mx\/en\/wp-json\/wp\/v2\/product_tag?post=37470"}],"curies":[{"name":"wp","href":"https:\/\/api.w.org\/{rel}","templated":true}]}}