{"id":37469,"date":"2025-01-12T22:41:07","date_gmt":"2025-01-13T04:41:07","guid":{"rendered":"https:\/\/amgpromocionales.com.mx\/?post_type=product&#038;p=37469"},"modified":"2025-01-21T00:04:58","modified_gmt":"2025-01-21T06:04:58","slug":"moderna-a2403","status":"publish","type":"product","link":"https:\/\/amgpromocionales.mx\/en\/shop\/moderna-a2403\/","title":{"rendered":"MODERNA A2403"},"content":{"rendered":"<p>Moderna carpeta multiusos con cierre, con exterior e interior en tela. Incluye libreta tama\u00f1o A5 de 64 hojas rayadas (128 p\u00e1ginas). Cuenta con funda al frente para Smartphone, compartimento interior para tablet, 2 soportes ajustables portatablet o portacelular, cinta el\u00e1stica para Smartphone y cinta el\u00e1stica para memorias USB u otros accesorios, compartimento con ventana pl\u00e1stica para credenciales, divisiones para tarjetas, bolsa de malla, agarradera exterior con broche de presi\u00f3n, as\u00ed como cinta el\u00e1stica para fijar bol\u00edgrafo (no inclu\u00eddo).<\/p>","protected":false},"excerpt":{"rendered":"<p>Moderna carpeta multiusos con cierre, con exterior e interior en tela. Incluye libreta tama\u00f1o A5 de 64 hojas rayadas (128 p\u00e1ginas). Cuenta con funda al frente para Smartphone, compartimento interior para tablet, 2 soportes ajustables portatablet o portacelular, cinta el\u00e1stica para Smartphone y cinta el\u00e1stica para memorias USB u otros accesorios, compartimento con ventana pl\u00e1stica [&hellip;]<\/p>","protected":false},"featured_media":24175,"comment_status":"closed","ping_status":"closed","template":"","meta":[],"genre":[],"product_cat":[310,396],"product_tag":[],"class_list":{"0":"post-37469","1":"product","2":"type-product","3":"status-publish","4":"has-post-thumbnail","6":"product_cat-carpetas","7":"product_cat-ver-todo-oficina","9":"first","10":"instock","11":"shipping-taxable","12":"purchasable","13":"product-type-variable"},"_links":{"self":[{"href":"https:\/\/amgpromocionales.mx\/en\/wp-json\/wp\/v2\/product\/37469","targetHints":{"allow":["GET"]}}],"collection":[{"href":"https:\/\/amgpromocionales.mx\/en\/wp-json\/wp\/v2\/product"}],"about":[{"href":"https:\/\/amgpromocionales.mx\/en\/wp-json\/wp\/v2\/types\/product"}],"replies":[{"embeddable":true,"href":"https:\/\/amgpromocionales.mx\/en\/wp-json\/wp\/v2\/comments?post=37469"}],"wp:featuredmedia":[{"embeddable":true,"href":"https:\/\/amgpromocionales.mx\/en\/wp-json\/wp\/v2\/media\/24175"}],"wp:attachment":[{"href":"https:\/\/amgpromocionales.mx\/en\/wp-json\/wp\/v2\/media?parent=37469"}],"wp:term":[{"taxonomy":"product_brand","embeddable":true,"href":"https:\/\/amgpromocionales.mx\/en\/wp-json\/wp\/v2\/genre?post=37469"},{"taxonomy":"product_cat","embeddable":true,"href":"https:\/\/amgpromocionales.mx\/en\/wp-json\/wp\/v2\/product_cat?post=37469"},{"taxonomy":"product_tag","embeddable":true,"href":"https:\/\/amgpromocionales.mx\/en\/wp-json\/wp\/v2\/product_tag?post=37469"}],"curies":[{"name":"wp","href":"https:\/\/api.w.org\/{rel}","templated":true}]}}