{"id":37464,"date":"2025-01-12T22:40:49","date_gmt":"2025-01-13T04:40:49","guid":{"rendered":"https:\/\/amgpromocionales.com.mx\/?post_type=product&#038;p=37464"},"modified":"2025-01-20T23:23:27","modified_gmt":"2025-01-21T05:23:27","slug":"cilindro-a2394","status":"publish","type":"product","link":"https:\/\/amgpromocionales.mx\/en\/shop\/cilindro-a2394\/","title":{"rendered":"CILINDRO A2394"},"content":{"rendered":"<p>Cilindro para sublimaci\u00f3n de acero inoxidable, con tapa de rosca herm\u00e9tica en color blanco y cord\u00f3n para sujetar. CAP.  750 ml. (25 OZ). Presentaci\u00f3n: caja en color blanco.<\/p>","protected":false},"excerpt":{"rendered":"<p>Cilindro para sublimaci\u00f3n de acero inoxidable, con tapa de rosca herm\u00e9tica en color blanco y cord\u00f3n para sujetar. CAP. 750 ml. (25 OZ). Presentaci\u00f3n: caja en color blanco.<\/p>","protected":false},"featured_media":25633,"comment_status":"closed","ping_status":"closed","template":"","meta":[],"genre":[],"product_cat":[324,391],"product_tag":[],"class_list":{"0":"post-37464","1":"product","2":"type-product","3":"status-publish","4":"has-post-thumbnail","6":"product_cat-cilindros-y-vasos-bebidas","7":"product_cat-ver-todo-bebidas","9":"first","10":"instock","11":"shipping-taxable","12":"purchasable","13":"product-type-simple"},"_links":{"self":[{"href":"https:\/\/amgpromocionales.mx\/en\/wp-json\/wp\/v2\/product\/37464","targetHints":{"allow":["GET"]}}],"collection":[{"href":"https:\/\/amgpromocionales.mx\/en\/wp-json\/wp\/v2\/product"}],"about":[{"href":"https:\/\/amgpromocionales.mx\/en\/wp-json\/wp\/v2\/types\/product"}],"replies":[{"embeddable":true,"href":"https:\/\/amgpromocionales.mx\/en\/wp-json\/wp\/v2\/comments?post=37464"}],"wp:featuredmedia":[{"embeddable":true,"href":"https:\/\/amgpromocionales.mx\/en\/wp-json\/wp\/v2\/media\/25633"}],"wp:attachment":[{"href":"https:\/\/amgpromocionales.mx\/en\/wp-json\/wp\/v2\/media?parent=37464"}],"wp:term":[{"taxonomy":"product_brand","embeddable":true,"href":"https:\/\/amgpromocionales.mx\/en\/wp-json\/wp\/v2\/genre?post=37464"},{"taxonomy":"product_cat","embeddable":true,"href":"https:\/\/amgpromocionales.mx\/en\/wp-json\/wp\/v2\/product_cat?post=37464"},{"taxonomy":"product_tag","embeddable":true,"href":"https:\/\/amgpromocionales.mx\/en\/wp-json\/wp\/v2\/product_tag?post=37464"}],"curies":[{"name":"wp","href":"https:\/\/api.w.org\/{rel}","templated":true}]}}